{"id":2020,"date":"2022-03-30T10:51:22","date_gmt":"2022-03-30T08:51:22","guid":{"rendered":"https:\/\/climatefund.nf-int.org\/wp\/climate-justice\/"},"modified":"2022-08-30T14:03:10","modified_gmt":"2022-08-30T12:03:10","slug":"climate-justice","status":"publish","type":"page","link":"https:\/\/climatefund.nf-int.org\/fr\/climate-justice\/","title":{"rendered":"Justice climatique"},"content":{"rendered":"<div class=\"wpb-content-wrapper\"><p>[vc_row gap=\u00a0\u00bb35&Prime;][vc_column][vc_column_text]<strong>La justice climatique est un principe qui, \u00e0 l&rsquo;\u00e9chelle mondiale, reconna\u00eet \u00e0 chaque \u00eatre humain, y compris aux g\u00e9n\u00e9rations futures, le m\u00eame droit \u00e0 un climat mondial intact, tout en visant un financement \u00e9quitable des mesures n\u00e9cessaires suite au changement climatique.\u00a0<\/strong><\/p>\n<p><span data-contrast=\"auto\">Pour que le climat mondial ne se d\u00e9r\u00e8gle pas, le r\u00e9chauffement de la plan\u00e8te d\u2019origine humaine doit \u00eatre limit\u00e9 \u00e0 moins de deux degr\u00e9s Celsius. Cela signifie que chaque personne sur la plan\u00e8te ne doit pas \u00e9mettre plus de deux tonnes de CO<\/span><span data-contrast=\"auto\">2<\/span><span data-contrast=\"auto\"> par an. En 2019, les \u00e9missions de CO<\/span><span data-contrast=\"auto\">2<\/span><span data-contrast=\"auto\"> par habitant dues \u00e0 la consommation d&rsquo;\u00e9nergie et \u00e0 la consommation en Allemagne s&rsquo;\u00e9levaient \u00e0 7,9 tonnes, soit presque deux fois plus que la valeur moyenne mondiale. Cela contraste fortement avec les \u00e9missions de CO<\/span><span data-contrast=\"auto\">2 <\/span><span data-contrast=\"auto\">g\u00e9n\u00e9r\u00e9es par les habitants des pays du Sud, qui repr\u00e9sentent souvent moins d&rsquo;une tonne par an.<\/span><span data-ccp-props=\"{&quot;201341983&quot;:0,&quot;335559739&quot;:160,&quot;335559740&quot;:259}\">\u00a0<\/span><\/p>\n<p><span data-contrast=\"auto\">En m\u00eame temps, les pays du Sud sont les plus touch\u00e9s par le changement climatique : Dans les r\u00e9gions d\u00e9j\u00e0 s\u00e8ches, comme la zone sah\u00e9lienne en Afrique, les pr\u00e9cipitations diminuent encore plus, les d\u00e9serts et les steppes avancent, le rendement agricole r\u00e9gresse, des r\u00e9coltes sont perdues et la nourriture se fait rare. Les r\u00e9gions proches des littoraux sont souvent touch\u00e9es par l&rsquo;\u00e9rosion et la mont\u00e9e du niveau de la mer \u2013 au S\u00e9n\u00e9gal, par exemple, des r\u00e9gions c\u00f4ti\u00e8res enti\u00e8res ont d\u00e9j\u00e0 \u00e9t\u00e9 englouties par la mer.\u00a0<\/span><span data-ccp-props=\"{&quot;201341983&quot;:0,&quot;335559739&quot;:160,&quot;335559740&quot;:259}\">\u00a0<\/span><\/p>\n<p><strong>La justice climatique est une affaire de r\u00e9partition des risques et des opportunit\u00e9s. Les pays industrialis\u00e9s et \u00e9mergents, qui sont les plus gros pollueurs, doivent apporter la plus grande contribution \u00e0 la protection du climat !\u00a0<\/strong>[\/vc_column_text][\/vc_column][\/vc_row]<\/p>\n<\/div>","protected":false},"excerpt":{"rendered":"<p>[vc_row gap=\u00a0\u00bb35&Prime;][vc_column][vc_column_text]La justice climatique est un principe qui, \u00e0 l&rsquo;\u00e9chelle mondiale, reconna\u00eet \u00e0 chaque \u00eatre humain, y compris aux g\u00e9n\u00e9rations futures, le m\u00eame droit \u00e0 un climat mondial intact, tout en visant un financement \u00e9quitable des mesures n\u00e9cessaires suite au changement climatique.\u00a0 Pour que le climat mondial ne se d\u00e9r\u00e8gle pas, le r\u00e9chauffement de la [&hellip;]<\/p>\n","protected":false},"author":1,"featured_media":0,"parent":0,"menu_order":0,"comment_status":"closed","ping_status":"closed","template":"","meta":{"_acf_changed":false,"_seopress_robots_primary_cat":"","_seopress_titles_title":"","_seopress_titles_desc":"","_seopress_robots_index":"","footnotes":""},"class_list":["post-2020","page","type-page","status-publish","hentry"],"blocksy_meta":{"styles_descriptor":{"styles":{"desktop":"","tablet":"","mobile":""},"google_fonts":[],"version":6}},"acf":[],"_links":{"self":[{"href":"https:\/\/climatefund.nf-int.org\/fr\/wp-json\/wp\/v2\/pages\/2020","targetHints":{"allow":["GET"]}}],"collection":[{"href":"https:\/\/climatefund.nf-int.org\/fr\/wp-json\/wp\/v2\/pages"}],"about":[{"href":"https:\/\/climatefund.nf-int.org\/fr\/wp-json\/wp\/v2\/types\/page"}],"author":[{"embeddable":true,"href":"https:\/\/climatefund.nf-int.org\/fr\/wp-json\/wp\/v2\/users\/1"}],"replies":[{"embeddable":true,"href":"https:\/\/climatefund.nf-int.org\/fr\/wp-json\/wp\/v2\/comments?post=2020"}],"version-history":[{"count":4,"href":"https:\/\/climatefund.nf-int.org\/fr\/wp-json\/wp\/v2\/pages\/2020\/revisions"}],"predecessor-version":[{"id":2166,"href":"https:\/\/climatefund.nf-int.org\/fr\/wp-json\/wp\/v2\/pages\/2020\/revisions\/2166"}],"wp:attachment":[{"href":"https:\/\/climatefund.nf-int.org\/fr\/wp-json\/wp\/v2\/media?parent=2020"}],"curies":[{"name":"wp","href":"https:\/\/api.w.org\/{rel}","templated":true}]}}