{"id":2023,"date":"2022-03-30T15:44:07","date_gmt":"2022-03-30T13:44:07","guid":{"rendered":"https:\/\/climatefund.nf-int.org\/wp\/naturefriende-internationale\/"},"modified":"2022-10-04T10:41:23","modified_gmt":"2022-10-04T08:41:23","slug":"naturefriende-internationale","status":"publish","type":"page","link":"https:\/\/climatefund.nf-int.org\/fr\/naturefriende-internationale\/","title":{"rendered":"L\u2019Internationale des Amis de la Nature (IAN)"},"content":{"rendered":"<div class=\"wpb-content-wrapper\"><p>[vc_row equal_height=\u00a0\u00bbyes\u00a0\u00bb css=\u00a0\u00bb.vc_custom_1648641917758{margin-top: -20px !important;padding-top: 0px !important;}\u00a0\u00bb][vc_column width=\u00a0\u00bb4\/5&Prime;][vc_column_text]<span data-contrast=\"auto\">Fond\u00e9e en 1895 et comptant 350\u202f000 adh\u00e9rents, l\u2019IAN est l&rsquo;une des plus grandes organisations non gouvernementales au monde. Nos adh\u00e9rents sont actifs dans des groupes locaux\/sections et sont organis\u00e9es en associations r\u00e9gionales, provinciales et f\u00e9d\u00e9rales.<\/span><span data-ccp-props=\"{&quot;201341983&quot;:0,&quot;335559739&quot;:160,&quot;335559740&quot;:259}\">\u00a0<\/span><\/p>\n<p><span data-contrast=\"auto\">L\u2019IAN est l\u2019organisation fa\u00eeti\u00e8re d\u2019environ 45 organisations nationales et fait partie des Green 10, la plate-forme des dix plus grandes ONG environnementales europ\u00e9ennes.<\/span><span data-ccp-props=\"{&quot;201341983&quot;:0,&quot;335559739&quot;:160,&quot;335559740&quot;:259}\">\u00a0<\/span><\/p>\n<p><b><span data-contrast=\"auto\">Un mouvement International<\/span><\/b><b><span data-contrast=\"auto\">, \u00e9cologique et social !<\/span><\/b><span data-ccp-props=\"{&quot;201341983&quot;:0,&quot;335559739&quot;:160,&quot;335559740&quot;:259}\">\u00a0<\/span><\/p>\n<p><span data-contrast=\"auto\">Les Amis de la Nature sont un mouvement aux structures d\u00e9mocratiques, qui s&rsquo;engage dans les domaines <\/span><span data-contrast=\"auto\">\u00e9cologique et sociopolitique. L&rsquo;objectif de nos activit\u00e9s est <\/span><span data-contrast=\"auto\">le d\u00e9veloppement durable de l&rsquo;environnement et de la soci\u00e9t\u00e9 aux niveaux r\u00e9gional, national et mondial.<\/span><\/p>\n<p><b><span data-contrast=\"auto\">Nous nous engageons pour :\u00a0<\/span><\/b><span data-ccp-props=\"{&quot;201341983&quot;:0,&quot;335559739&quot;:160,&quot;335559740&quot;:259}\">\u00a0<\/span><\/p>\n<ul>\n<li data-leveltext=\"\uf0b7\" data-font=\"Symbol\" data-listid=\"2\" data-list-defn-props=\"{&quot;335552541&quot;:1,&quot;335559684&quot;:-2,&quot;335559685&quot;:720,&quot;335559991&quot;:360,&quot;469769226&quot;:&quot;Symbol&quot;,&quot;469769242&quot;:[8226],&quot;469777803&quot;:&quot;left&quot;,&quot;469777804&quot;:&quot;\uf0b7&quot;,&quot;469777815&quot;:&quot;hybridMultilevel&quot;}\" aria-setsize=\"-1\" data-aria-posinset=\"1\" data-aria-level=\"1\"><span data-contrast=\"auto\">l&rsquo;organisation d\u2019activit\u00e9s de tourisme et de loisirs dans le respect de l&rsquo;environnement et de la soci\u00e9t\u00e9<\/span><span data-ccp-props=\"{&quot;201341983&quot;:0,&quot;335559739&quot;:160,&quot;335559740&quot;:259}\">\u00a0<\/span><\/li>\n<li data-leveltext=\"\uf0b7\" data-font=\"Symbol\" data-listid=\"2\" data-list-defn-props=\"{&quot;335552541&quot;:1,&quot;335559684&quot;:-2,&quot;335559685&quot;:720,&quot;335559991&quot;:360,&quot;469769226&quot;:&quot;Symbol&quot;,&quot;469769242&quot;:[8226],&quot;469777803&quot;:&quot;left&quot;,&quot;469777804&quot;:&quot;\uf0b7&quot;,&quot;469777815&quot;:&quot;hybridMultilevel&quot;}\" aria-setsize=\"-1\" data-aria-posinset=\"2\" data-aria-level=\"1\"><span data-contrast=\"auto\">la protection du patrimoine naturel et culturel<\/span><span data-ccp-props=\"{&quot;201341983&quot;:0,&quot;335559739&quot;:160,&quot;335559740&quot;:259}\">\u00a0<\/span><\/li>\n<li data-leveltext=\"\uf0b7\" data-font=\"Symbol\" data-listid=\"2\" data-list-defn-props=\"{&quot;335552541&quot;:1,&quot;335559684&quot;:-2,&quot;335559685&quot;:720,&quot;335559991&quot;:360,&quot;469769226&quot;:&quot;Symbol&quot;,&quot;469769242&quot;:[8226],&quot;469777803&quot;:&quot;left&quot;,&quot;469777804&quot;:&quot;\uf0b7&quot;,&quot;469777815&quot;:&quot;hybridMultilevel&quot;}\" aria-setsize=\"-1\" data-aria-posinset=\"2\" data-aria-level=\"1\"><span data-contrast=\"auto\">l\u2018internationalit\u00e9 et solidarit\u00e9<\/span><span data-ccp-props=\"{&quot;201341983&quot;:0,&quot;335559739&quot;:160,&quot;335559740&quot;:259}\">\u00a0<\/span><\/li>\n<\/ul>\n<p>Actuellement les Amis de la Nature sont actifs dans <a href=\"https:\/\/www.nf-int.org\/fr\/partenaires-sans-droit-de-vote\" target=\"_blank\" rel=\"noopener\">16 pays africains<\/a>. Parmi leurs priorit\u00e9s de travail figurent des actions concr\u00e8tes contre les effets du changement climatique, mises en \u0153uvre avec les populations. Parmi ces actions comptent, par exemple, des plantations d\u2019arbres fruitiers dans des villages s\u00e9n\u00e9galais, am\u00e9liorant \u00e0 plusieurs titres les conditions de vie des populations : les fruits peuvent \u00eatre consomm\u00e9s ou transform\u00e9s par les familles m\u00eames ; si la production d\u00e9passe les besoins familiaux, les fruits peuvent \u00eatre vendus. En outre, vu que l\u2019entretien des arbres, la r\u00e9colte et la vente des fruits rel\u00e8vent dans une grande partie des femmes, leur r\u00f4le dans la communaut\u00e9 villageoise s\u2019en trouve renforc\u00e9. Les arbres m\u00eames contribuent \u00e0 pr\u00e9server des sols de grande valeur et \u00e0 stopper la d\u00e9sertification.[\/vc_column_text][\/vc_column][vc_column width=\u00a0\u00bb1\/5&Prime; css=\u00a0\u00bb.vc_custom_1648641899092{background-color: #e2f4e7 !important;}\u00a0\u00bb][vc_custom_heading text=\u00a0\u00bbLien:\u00a0\u00bb font_container=\u00a0\u00bbtag:h4|text_align:left\u00a0\u00bb use_theme_fonts=\u00a0\u00bbyes\u00a0\u00bb][vc_column_text]<a href=\"https:\/\/www.nf-int.org\/fr\" target=\"_blank\" rel=\"noopener\">Site web de l&rsquo;IAN<\/a>[\/vc_column_text][\/vc_column][\/vc_row][vc_row][vc_column][vc_single_image image=\u00a0\u00bb842&Prime; img_size=\u00a0\u00bbfull\u00a0\u00bb][\/vc_column][\/vc_row]<\/p>\n<\/div>","protected":false},"excerpt":{"rendered":"<p>[vc_row equal_height=\u00a0\u00bbyes\u00a0\u00bb css=\u00a0\u00bb.vc_custom_1648641917758{margin-top: -20px !important;padding-top: 0px !important;}\u00a0\u00bb][vc_column width=\u00a0\u00bb4\/5&Prime;][vc_column_text]Fond\u00e9e en 1895 et comptant 350\u202f000 adh\u00e9rents, l\u2019IAN est l&rsquo;une des plus grandes organisations non gouvernementales au monde. Nos adh\u00e9rents sont actifs dans des groupes locaux\/sections et sont organis\u00e9es en associations r\u00e9gionales, provinciales et f\u00e9d\u00e9rales.\u00a0 L\u2019IAN est l\u2019organisation fa\u00eeti\u00e8re d\u2019environ 45 organisations nationales et fait partie des Green [&hellip;]<\/p>\n","protected":false},"author":1,"featured_media":0,"parent":0,"menu_order":0,"comment_status":"closed","ping_status":"closed","template":"","meta":{"_acf_changed":false,"_seopress_robots_primary_cat":"","_seopress_titles_title":"","_seopress_titles_desc":"","_seopress_robots_index":"","footnotes":""},"class_list":["post-2023","page","type-page","status-publish","hentry"],"blocksy_meta":{"styles_descriptor":{"styles":{"desktop":"","tablet":"","mobile":""},"google_fonts":[],"version":6}},"acf":[],"_links":{"self":[{"href":"https:\/\/climatefund.nf-int.org\/fr\/wp-json\/wp\/v2\/pages\/2023","targetHints":{"allow":["GET"]}}],"collection":[{"href":"https:\/\/climatefund.nf-int.org\/fr\/wp-json\/wp\/v2\/pages"}],"about":[{"href":"https:\/\/climatefund.nf-int.org\/fr\/wp-json\/wp\/v2\/types\/page"}],"author":[{"embeddable":true,"href":"https:\/\/climatefund.nf-int.org\/fr\/wp-json\/wp\/v2\/users\/1"}],"replies":[{"embeddable":true,"href":"https:\/\/climatefund.nf-int.org\/fr\/wp-json\/wp\/v2\/comments?post=2023"}],"version-history":[{"count":8,"href":"https:\/\/climatefund.nf-int.org\/fr\/wp-json\/wp\/v2\/pages\/2023\/revisions"}],"predecessor-version":[{"id":2738,"href":"https:\/\/climatefund.nf-int.org\/fr\/wp-json\/wp\/v2\/pages\/2023\/revisions\/2738"}],"wp:attachment":[{"href":"https:\/\/climatefund.nf-int.org\/fr\/wp-json\/wp\/v2\/media?parent=2023"}],"curies":[{"name":"wp","href":"https:\/\/api.w.org\/{rel}","templated":true}]}}