{"id":2033,"date":"2022-07-06T10:42:12","date_gmt":"2022-07-06T08:42:12","guid":{"rendered":"https:\/\/climatefund.nf-int.org\/wp\/naturfreunde-klimafonds\/"},"modified":"2022-08-30T13:32:45","modified_gmt":"2022-08-30T11:32:45","slug":"naturfreunde-klimafonds","status":"publish","type":"page","link":"https:\/\/climatefund.nf-int.org\/fr\/naturfreunde-klimafonds\/","title":{"rendered":"Le Fonds des Amis de la Nature pour le climat"},"content":{"rendered":"<div class=\"wpb-content-wrapper\"><p>[vc_row][vc_column][vc_column_text]<span data-contrast=\"auto\">Depuis 2017, le Fonds des Amis de la Nature pour le climat finance des projets en Afrique contribuant \u00e0 att\u00e9nuer les cons\u00e9quences du changement climatique, \u00e0 am\u00e9liorer les conditions de vie des populations et \u00e0 prot\u00e9ger le climat.<\/span><span data-ccp-props=\"{&quot;201341983&quot;:0,&quot;335559739&quot;:160,&quot;335559740&quot;:259}\">\u00a0<\/span><\/p>\n<p><span data-contrast=\"auto\">Gr\u00e2ce <\/span><span data-contrast=\"auto\">\u00e0 leur <\/span><span data-contrast=\"auto\">vaste r\u00e9seau en Afrique et aux organisations membres dans 15 pays africains, les Amis de la Nature peuvent mettre en \u0153uvre des projets partenariaux et durables en \u00e9troite collaboration avec les populations locales. Si celles-ci sont les premiers b\u00e9n\u00e9ficiaires des dons, les donatrices et les donateurs dans les pays industrialis\u00e9s en profitent \u00e9galement, apportant par leurs dons une contribution personnelle transparente et efficace \u00e0 la justice climatique.<\/span><span data-ccp-props=\"{&quot;201341983&quot;:0,&quot;335559739&quot;:160,&quot;335559740&quot;:259}\">\u00a0<\/span><\/p>\n<p><span data-contrast=\"auto\">De cette mani\u00e8re, nous cr\u00e9ons aussi une sensibilit\u00e9 pour l\u2019impact global de nos modes de vie, qui s&rsquo;accompagnent d&rsquo;une empreinte \u00e9cologique de loin trop forte. S\u2019il est possible de compenser les voyages en avion par des paiements au Fonds pour le climat, nous appelons n\u00e9anmoins d\u2019une mani\u00e8re g\u00e9n\u00e9rale <\/span><span data-contrast=\"auto\">\u00e0 renoncer dans la mesure<\/span><span data-contrast=\"auto\"> du possible \u00e0 l\u2019avion et \u00e0 voyager moins souvent vers des destinations accessibles uniquement par avion, et, de pr\u00e9f\u00e9rence,<\/span><span data-contrast=\"auto\"> \u00e0 y rester plus de temps.<\/span>[\/vc_column_text][\/vc_column][\/vc_row]<\/p>\n<\/div>","protected":false},"excerpt":{"rendered":"<p>[vc_row][vc_column][vc_column_text]Depuis 2017, le Fonds des Amis de la Nature pour le climat finance des projets en Afrique contribuant \u00e0 att\u00e9nuer les cons\u00e9quences du changement climatique, \u00e0 am\u00e9liorer les conditions de vie des populations et \u00e0 prot\u00e9ger le climat.\u00a0 Gr\u00e2ce \u00e0 leur vaste r\u00e9seau en Afrique et aux organisations membres dans 15 pays africains, les Amis [&hellip;]<\/p>\n","protected":false},"author":1,"featured_media":0,"parent":0,"menu_order":0,"comment_status":"closed","ping_status":"closed","template":"","meta":{"_acf_changed":false,"_seopress_robots_primary_cat":"","_seopress_titles_title":"","_seopress_titles_desc":"","_seopress_robots_index":"","footnotes":""},"class_list":["post-2033","page","type-page","status-publish","hentry"],"blocksy_meta":{"styles_descriptor":{"styles":{"desktop":"","tablet":"","mobile":""},"google_fonts":[],"version":6}},"acf":[],"_links":{"self":[{"href":"https:\/\/climatefund.nf-int.org\/fr\/wp-json\/wp\/v2\/pages\/2033","targetHints":{"allow":["GET"]}}],"collection":[{"href":"https:\/\/climatefund.nf-int.org\/fr\/wp-json\/wp\/v2\/pages"}],"about":[{"href":"https:\/\/climatefund.nf-int.org\/fr\/wp-json\/wp\/v2\/types\/page"}],"author":[{"embeddable":true,"href":"https:\/\/climatefund.nf-int.org\/fr\/wp-json\/wp\/v2\/users\/1"}],"replies":[{"embeddable":true,"href":"https:\/\/climatefund.nf-int.org\/fr\/wp-json\/wp\/v2\/comments?post=2033"}],"version-history":[{"count":4,"href":"https:\/\/climatefund.nf-int.org\/fr\/wp-json\/wp\/v2\/pages\/2033\/revisions"}],"predecessor-version":[{"id":2152,"href":"https:\/\/climatefund.nf-int.org\/fr\/wp-json\/wp\/v2\/pages\/2033\/revisions\/2152"}],"wp:attachment":[{"href":"https:\/\/climatefund.nf-int.org\/fr\/wp-json\/wp\/v2\/media?parent=2033"}],"curies":[{"name":"wp","href":"https:\/\/api.w.org\/{rel}","templated":true}]}}