{"id":2153,"date":"2022-07-06T10:43:27","date_gmt":"2022-07-06T08:43:27","guid":{"rendered":"https:\/\/climatefund.nf-int.org\/wp\/zahlen-und-argumente\/"},"modified":"2022-10-03T13:18:42","modified_gmt":"2022-10-03T11:18:42","slug":"zahlen-und-argumente","status":"publish","type":"page","link":"https:\/\/climatefund.nf-int.org\/fr\/zahlen-und-argumente\/","title":{"rendered":"Chiffres et arguments"},"content":{"rendered":"<div class=\"wpb-content-wrapper\"><p>[vc_row][vc_column][vc_column_text]<strong><span data-contrast=\"auto\">L&#8217;empreinte \u00e9cologique<\/span><\/strong><\/p>\n<p><span data-contrast=\"auto\">L&#8217;empreinte \u00e9cologique refl\u00e8te la surface n\u00e9cessaire pour rendre notre mode de vie possible. Ainsi, si l&rsquo;ensemble de la population mondiale consommait autant de ressources que les habitants des \u00c9tats-Unis, nous aurions besoin de cinq Terres au total.<\/span><span data-ccp-props=\"{&quot;201341983&quot;:0,&quot;335559739&quot;:160,&quot;335559740&quot;:259}\">\u00a0<\/span><\/p>\n<p><span data-contrast=\"auto\">Mais l&#8217;empreinte \u00e9cologique des Europ\u00e9ennes et Europ\u00e9ens est \u00e9galement bien trop \u00e9lev\u00e9e ! Ainsi, selon Global Footprint Network, 2,95 Terres sont n\u00e9cessaires pour permettre \u00e0 l&rsquo;Allemagne d&rsquo;atteindre son niveau de vie, alors que la valeur pour le S\u00e9n\u00e9gal s&rsquo;\u00e9l\u00e8ve \u00e0 0,89 Terre (chiffres de 2018).\u00a0<\/span><span data-ccp-props=\"{&quot;201341983&quot;:0,&quot;335559739&quot;:160,&quot;335559740&quot;:259}\">\u00a0<\/span>[\/vc_column_text][\/vc_column][\/vc_row][vc_row gap=\u00a0\u00bb30&Prime;][vc_column width=\u00a0\u00bb1\/2&Prime;][vc_single_image image=\u00a0\u00bb2005&Prime; img_size=\u00a0\u00bblarge\u00a0\u00bb add_caption=\u00a0\u00bbyes\u00a0\u00bb alignment=\u00a0\u00bbcenter\u00a0\u00bb][\/vc_column][vc_column width=\u00a0\u00bb1\/2&Prime;][vc_single_image image=\u00a0\u00bb2008&Prime; img_size=\u00a0\u00bblarge\u00a0\u00bb add_caption=\u00a0\u00bbyes\u00a0\u00bb alignment=\u00a0\u00bbcenter\u00a0\u00bb][\/vc_column][\/vc_row][vc_row][vc_column width=\u00a0\u00bb4\/5&Prime;][vc_column_text]<span data-contrast=\"auto\">Vous trouvez plus d&rsquo;informations sur l&#8217;empreinte \u00e9cologique ainsi qu&rsquo;un calculateur pour votre empreinte personnelle sur https:\/\/www.footprintnetwork.org\/. Il devient rapidement \u00e9vident que, m\u00eame avec un mode de vie tr\u00e8s conscient, il n&rsquo;est gu\u00e8re possible pour la population europ\u00e9enne de maintenir son empreinte \u00e9cologique \u00e0 un niveau suffisamment bas pour qu&rsquo;elle soit durable.<\/span><span data-ccp-props=\"{&quot;201341983&quot;:0,&quot;335559739&quot;:160,&quot;335559740&quot;:259}\">\u00a0<\/span><\/p>\n<p><span data-contrast=\"auto\">L&#8217;empreinte carbone, calculabe individuellement comme l&#8217;empreinte \u00e9cologique, repr\u00e9sente environ 60 % de celle-ci.\u00a0 Selon les Nations Unies, les \u00e9missions mondiales par habitant\/e doivent \u00eatre r\u00e9duites en moyenne d&rsquo;environ 2 \u00e0 2,5 tonnes de CO<\/span><span data-contrast=\"auto\">2<\/span><span data-contrast=\"auto\"> afin d&rsquo;atteindre l&rsquo;objectif de l&rsquo;accord de Paris sur le climat. Pour le 1 % le plus riche de la population mondiale, cela signifierait une r\u00e9duction d&rsquo;un facteur 30, tandis que les \u00e9missions par habitant des 50 % les plus pauvres de la population mondiale pourraient \u00eatre multipli\u00e9es par environ trois. En effet, les \u00e9missions cumul\u00e9es des 1 % les plus riches de la population mondiale sont deux fois plus \u00e9lev\u00e9es que celles des 50 % les plus pauvres.<\/span><span data-ccp-props=\"{&quot;201341983&quot;:0,&quot;335559739&quot;:160,&quot;335559740&quot;:259}\">\u00a0<\/span><\/p>\n<p><b><span data-contrast=\"auto\">Voyages et climat<\/span><\/b><span data-ccp-props=\"{&quot;201341983&quot;:0,&quot;335559739&quot;:160,&quot;335559740&quot;:259}\">\u00a0<\/span><\/p>\n<p><span data-contrast=\"auto\">Les \u00e9missions de gaz \u00e0 effet de serre li\u00e9es aux voyages sont particuli\u00e8rement \u00e9lev\u00e9es, en particulier pour les voyages en avion \u2013 un autre privil\u00e8ge de la partie ais\u00e9e de la population mondiale, qui prend souvent l&rsquo;avion plusieurs fois par an, alors que la majorit\u00e9 des populations du Sud ne prennent jamais l&rsquo;avion.<\/span><span data-ccp-props=\"{&quot;201341983&quot;:0,&quot;335559739&quot;:160,&quot;335559740&quot;:259}\">\u00a0<\/span><\/p>\n<p><span data-contrast=\"auto\">Un comportement de voyage r\u00e9fl\u00e9chi contribue \u00e0 r\u00e9duire l&#8217;empreinte \u00e9cologique de vos vacances. En r\u00e8gle g\u00e9n\u00e9rale, il convient de renoncer \u00e0 l&rsquo;avion dans la mesure du possible, y compris aux vols de courte distance et les vols d&rsquo;apport, car le d\u00e9collage et l&rsquo;atterrissage sont particuli\u00e8rement gourmands en \u00e9nergie et les \u00e9missions sont par cons\u00e9quent \u00e9lev\u00e9es. Et pour les destinations qui ne sont accessibles qu&rsquo;en avion, la r\u00e8gle g\u00e9n\u00e9rale est de prendre l&rsquo;avion moins souvent et de rester plus longtemps. Vous aurez ainsi plus de temps pour d\u00e9couvrir le pays et ses habitants en toute d\u00e9contraction.<\/span><span data-ccp-props=\"{&quot;201341983&quot;:0,&quot;335559739&quot;:160,&quot;335559740&quot;:259}\">\u00a0<\/span><\/p>\n<p><span data-contrast=\"auto\">Si vous souhaitez soutenir un projet du Fonds pour le climat afin de compenser les \u00e9missions de gaz \u00e0 effet de serre de votre vol, nous vous proposons les sch\u00e9mas ci-apr\u00e8s. Toutefois, ce n\u2019est pour le moment que le vol que vous compensez ainsi. Les \u00e9missions de gaz \u00e0 effet de serre g\u00e9n\u00e9r\u00e9es par votre h\u00e9bergement, vos repas, vos autres consommations et votre mobilit\u00e9 sur place ne sont pas comprises dans ces sch\u00e9mas. Arrondir le montant vers le haut est donc en tout cas une bonne chose\u202f!<\/span><span data-ccp-props=\"{&quot;201341983&quot;:0,&quot;335559739&quot;:160,&quot;335559740&quot;:259}\">\u00a0<\/span>[\/vc_column_text][vc_column_text]<\/p>\n<h4>Orientation sur le montant de la contribution pour la compensation des voyages en avion :<\/h4>\n<ul>\n<li style=\"text-align: left;\"><span class=\"description\"><strong>Courte distance* (2.800 km)<\/strong> | Ex.: Vienne \u2013 Londres, Berlin \u2013 Paris, Bruxelles \u2013 Rome |\u00a0 <span style=\"color: #38b655;\"><strong>20 Euro<\/strong><\/span><br \/>\n<\/span><\/li>\n<li><span class=\"description\"><strong>Moyen courrier (9.500 km) <\/strong>| Ex.: Europe \u2013S\u00e9n\u00e9gal\/Togo, Europa \u2013 \u00celes Canaries |\u00a0 <span style=\"color: #38b655;\"><strong>68 Euro<\/strong><\/span><\/span><\/li>\n<li><strong>Transcontinental 1\u00a0 (14.500 km)<\/strong> | Ex.: Europe \u2013 Afrique du Sud, Europe \u2013 New York City |\u00a0 <span style=\"color: #38b655;\"><strong>105 Euro<\/strong><\/span><\/li>\n<li><strong>Transcontinental 2\u00a0 (34.000 km)<\/strong> | Ex.: Europe \u2013 Am\u00e9rique du Sus, Europe \u2013 Australie |\u00a0 <span style=\"color: #38b655;\"><strong>245 Euro<\/strong><\/span><\/li>\n<\/ul>\n<p>[\/vc_column_text][\/vc_column][vc_column width=\u00a0\u00bb1\/5&Prime; css=\u00a0\u00bb.vc_custom_1657097325689{background-color: #e2f4e7 !important;}\u00a0\u00bb][vc_custom_heading text=\u00a0\u00bbLiens:\u00a0\u00bb font_container=\u00a0\u00bbtag:h4|text_align:left\u00a0\u00bb use_theme_fonts=\u00a0\u00bbyes\u00a0\u00bb][vc_column_text]<a href=\"https:\/\/www.nf-int.org\/fr\/themen\/tourisme-durable\/aktivitaeten\/voyager-de-maniere-durable-cest-facile-5-conseils-pour-des\" target=\"_blank\" rel=\"noopener\">5 conseils pour ton voyage durable<\/a><\/p>\n<p>&nbsp;[\/vc_column_text][\/vc_column][\/vc_row][vc_row][vc_column][vc_column_text]<strong>*<\/strong> Pour des distances de inf\u00e9rieures \u00e0 1.000 km (aller simple) il est recommand\u00e9 si possible de ne pas utiliser l\u2019avion[\/vc_column_text][\/vc_column][\/vc_row]<\/p>\n<\/div>","protected":false},"excerpt":{"rendered":"<p>[vc_row][vc_column][vc_column_text]L&#8217;empreinte \u00e9cologique L&#8217;empreinte \u00e9cologique refl\u00e8te la surface n\u00e9cessaire pour rendre notre mode de vie possible. Ainsi, si l&rsquo;ensemble de la population mondiale consommait autant de ressources que les habitants des \u00c9tats-Unis, nous aurions besoin de cinq Terres au total.\u00a0 Mais l&#8217;empreinte \u00e9cologique des Europ\u00e9ennes et Europ\u00e9ens est \u00e9galement bien trop \u00e9lev\u00e9e ! Ainsi, selon Global [&hellip;]<\/p>\n","protected":false},"author":1,"featured_media":0,"parent":0,"menu_order":0,"comment_status":"closed","ping_status":"closed","template":"","meta":{"_acf_changed":false,"_seopress_robots_primary_cat":"","_seopress_titles_title":"","_seopress_titles_desc":"","_seopress_robots_index":"","footnotes":""},"class_list":["post-2153","page","type-page","status-publish","hentry"],"blocksy_meta":{"styles_descriptor":{"styles":{"desktop":"","tablet":"","mobile":""},"google_fonts":[],"version":6}},"acf":[],"_links":{"self":[{"href":"https:\/\/climatefund.nf-int.org\/fr\/wp-json\/wp\/v2\/pages\/2153","targetHints":{"allow":["GET"]}}],"collection":[{"href":"https:\/\/climatefund.nf-int.org\/fr\/wp-json\/wp\/v2\/pages"}],"about":[{"href":"https:\/\/climatefund.nf-int.org\/fr\/wp-json\/wp\/v2\/types\/page"}],"author":[{"embeddable":true,"href":"https:\/\/climatefund.nf-int.org\/fr\/wp-json\/wp\/v2\/users\/1"}],"replies":[{"embeddable":true,"href":"https:\/\/climatefund.nf-int.org\/fr\/wp-json\/wp\/v2\/comments?post=2153"}],"version-history":[{"count":7,"href":"https:\/\/climatefund.nf-int.org\/fr\/wp-json\/wp\/v2\/pages\/2153\/revisions"}],"predecessor-version":[{"id":2719,"href":"https:\/\/climatefund.nf-int.org\/fr\/wp-json\/wp\/v2\/pages\/2153\/revisions\/2719"}],"wp:attachment":[{"href":"https:\/\/climatefund.nf-int.org\/fr\/wp-json\/wp\/v2\/media?parent=2153"}],"curies":[{"name":"wp","href":"https:\/\/api.w.org\/{rel}","templated":true}]}}