{"id":2156,"date":"2022-03-30T14:00:25","date_gmt":"2022-03-30T12:00:25","guid":{"rendered":"https:\/\/climatefund.nf-int.org\/wp\/10-gruende-fuer-deine-spende\/"},"modified":"2024-12-13T08:48:36","modified_gmt":"2024-12-13T07:48:36","slug":"10-raisons-pour-vous-de-faire-un-don","status":"publish","type":"page","link":"https:\/\/climatefund.nf-int.org\/fr\/10-raisons-pour-vous-de-faire-un-don\/","title":{"rendered":"10 raisons pour vous de faire un don"},"content":{"rendered":"<div class=\"wpb-content-wrapper\"><p>[vc_row equal_height=\u00a0\u00bbyes\u00a0\u00bb content_placement=\u00a0\u00bbtop\u00a0\u00bb][vc_column width=\u00a0\u00bb1\/6&Prime;][\/vc_column][vc_column width=\u00a0\u00bb5\/6&Prime;][vc_column_text]<\/p>\n<h3><strong>10 raisons pour vous de faire un don<\/strong><\/h3>\n<p>[\/vc_column_text][\/vc_column][\/vc_row][vc_row][vc_column width=\u00a0\u00bb1\/6&Prime;][vc_icon icon_fontawesome=\u00a0\u00bbfas fa-hand-holding-heart\u00a0\u00bb color=\u00a0\u00bbcustom\u00a0\u00bb align=\u00a0\u00bbright\u00a0\u00bb custom_color=\u00a0\u00bb#38b655&Prime;][\/vc_column][vc_column width=\u00a0\u00bb5\/6&Prime;][vc_column_text]<strong>1) Les projets du Fonds pour le climat permettent d\u2019all\u00e9ger votre empreinte \u00e9cologique<br \/>\n<\/strong><\/p>\n<p><span data-ccp-props=\"{&quot;201341983&quot;:0,&quot;335559739&quot;:160,&quot;335559740&quot;:259}\">La plupart des populations des pays du Nord global m\u00e8nent une vie relativement bonne \u2013 toutefois au d\u00e9triment de l&rsquo;environnement et des populations du Sud. L&#8217;empreinte \u00e9cologique des Europ\u00e9ens d\u00e9passe de loin les capacit\u00e9s de charge de notre plan\u00e8te \u2013 il faudrait par exemple environ trois Terres pour permettre \u00e0 l&rsquo;ensemble de la population mondiale de vivre comme l\u2019Allemand moyen. <\/span>[\/vc_column_text][\/vc_column][\/vc_row][vc_row][vc_column width=\u00a0\u00bb1\/6&Prime;][vc_icon icon_fontawesome=\u00a0\u00bbfas fa-hand-holding-heart\u00a0\u00bb color=\u00a0\u00bbcustom\u00a0\u00bb align=\u00a0\u00bbright\u00a0\u00bb custom_color=\u00a0\u00bb#38b655&Prime;][\/vc_column][vc_column width=\u00a0\u00bb5\/6&Prime;][vc_column_text]<strong>2) Les projets du Fonds pour le climat ouvrent des perspectives<br \/>\n<\/strong><\/p>\n<p>Avec votre don, vous soutenez des projets ouvrant de nouvelles perspectives aux populations dans les r\u00e9gions o\u00f9 se situent les projets. En m\u00eame temps, vous avez la chance de contribuer \u00e0 construire un bon avenir et de montrer le bon exemple.[\/vc_column_text][\/vc_column][\/vc_row][vc_row][vc_column width=\u00a0\u00bb1\/6&Prime;][vc_icon icon_fontawesome=\u00a0\u00bbfas fa-hand-holding-heart\u00a0\u00bb color=\u00a0\u00bbcustom\u00a0\u00bb align=\u00a0\u00bbright\u00a0\u00bb custom_color=\u00a0\u00bb#38b655&Prime;][\/vc_column][vc_column width=\u00a0\u00bb5\/6&Prime;][vc_column_text]<strong>3) Les projets du Fonds pour le climat favorisent les capacit\u00e9s de s&rsquo;aider soi-m\u00eame<br \/>\n<\/strong><\/p>\n<p>Nos projets visent \u00e0 donner aux populations des r\u00e9gions concern\u00e9es les moyens d&rsquo;am\u00e9liorer leurs conditions de vie par leurs propres moyens. Les activit\u00e9s \u00e9ducatives occupent une place centrale dans tous les projets. Ainsi, les projets ont des r\u00e9percussions au-del\u00e0 de la dur\u00e9e du projet proprement dit.[\/vc_column_text][\/vc_column][\/vc_row][vc_row][vc_column width=\u00a0\u00bb1\/6&Prime;][vc_icon icon_fontawesome=\u00a0\u00bbfas fa-hand-holding-heart\u00a0\u00bb color=\u00a0\u00bbcustom\u00a0\u00bb align=\u00a0\u00bbright\u00a0\u00bb custom_color=\u00a0\u00bb#38b655&Prime;][\/vc_column][vc_column width=\u00a0\u00bb5\/6&Prime;][vc_column_text]<strong>4) Les projets du Fonds pour le climat aident les populations \u00e0 faire face aux impacts du changement climatique<br \/>\n<\/strong><\/p>\n<p>Reboiser par exemple, contribue \u00e0 am\u00e9liorer les sols d\u00e9grad\u00e9s et \u00e0 les prot\u00e9ger contre l\u2019\u00e9rosion progressive, \u00e0 retenir davantage d&rsquo;eau et \u00e0 absorber le dioxyde de carbone. Les arbres plant\u00e9s procurent de l&rsquo;ombre et favorisent ainsi la croissance d&rsquo;autres plantes. Et ils fournissent des fruits de qualit\u00e9, fondements d&rsquo;une alimentation saine et g\u00e9n\u00e9rateurs de revenus suppl\u00e9mentaires.[\/vc_column_text][\/vc_column][\/vc_row][vc_row][vc_column width=\u00a0\u00bb1\/6&Prime;][vc_icon icon_fontawesome=\u00a0\u00bbfas fa-hand-holding-heart\u00a0\u00bb color=\u00a0\u00bbcustom\u00a0\u00bb align=\u00a0\u00bbright\u00a0\u00bb custom_color=\u00a0\u00bb#38b655&Prime;][\/vc_column][vc_column width=\u00a0\u00bb5\/6&Prime;][vc_column_text]<strong>5) Les projets du Fonds pour le climat contribuent \u00e0 la s\u00e9curit\u00e9 alimentaire<br \/>\n<\/strong><\/p>\n<p>\u00c0 cause de la crise climatique, la situation alimentaire s&rsquo;est dramatiquement d\u00e9t\u00e9rior\u00e9e dans de nombreux pays africains. La pand\u00e9mie et la guerre en Ukraine entra\u00eenent une nouvelle aggravation, existentielle. Nombre de nos projets contribuent directement \u00e0 la s\u00e9curit\u00e9 alimentaire, par exemple \u00e0 travers les reboisements d\u2019arbres fruitiers ou par le soutien aux initiatives agricoles.[\/vc_column_text][\/vc_column][\/vc_row][vc_row][vc_column width=\u00a0\u00bb1\/6&Prime;][vc_icon icon_fontawesome=\u00a0\u00bbfas fa-hand-holding-heart\u00a0\u00bb color=\u00a0\u00bbcustom\u00a0\u00bb align=\u00a0\u00bbright\u00a0\u00bb custom_color=\u00a0\u00bb#38b655&Prime;][\/vc_column][vc_column width=\u00a0\u00bb5\/6&Prime;][vc_column_text]<strong>6) Les projets du Fonds pour le climat soutiennent les femmes africaines sur la voie de l&rsquo;\u00e9mancipation<br \/>\n<\/strong><\/p>\n<p>Les femmes sont directement impliqu\u00e9es dans tous les projets du Fonds pour le climat et jouent un r\u00f4le central dans de nombreux projets. C\u2019est ainsi que les soins pour les arbres fruitiers plant\u00e9s dans le cadre des projets du Fonds pour le climat sont confi\u00e9s aux femmes, traditionnellement responsables de l\u2019exploitation des jardins et des surfaces agricoles.<\/p>\n<p>Des formations pour et avec les femmes am\u00e9liorent leurs comp\u00e9tences, par exemple en mati\u00e8re de production agricole et de transformation, de stockage et de commercialisation des produits agricoles, et leur permettent de contribuer au revenu familial. Le r\u00f4le des femmes au sein de la famille et de la soci\u00e9t\u00e9 est ainsi renforc\u00e9.[\/vc_column_text][\/vc_column][\/vc_row][vc_row][vc_column width=\u00a0\u00bb1\/6&Prime;][vc_icon icon_fontawesome=\u00a0\u00bbfas fa-hand-holding-heart\u00a0\u00bb color=\u00a0\u00bbcustom\u00a0\u00bb align=\u00a0\u00bbright\u00a0\u00bb custom_color=\u00a0\u00bb#38b655&Prime;][\/vc_column][vc_column width=\u00a0\u00bb5\/6&Prime;][vc_column_text]<strong>7) Les projets du Fonds pour le climat ont des effets pour l&rsquo;avenir<br \/>\n<\/strong><\/p>\n<p>Les aspects de durabilit\u00e9 jouent un r\u00f4le central lors du choix et de la mise en \u0153uvre des projets du Fonds pour le climat. Ainsi, les arbres fruitiers plant\u00e9s aujourd&rsquo;hui fourniront pendant plusieurs d\u00e9cennies des fruits aux populations des r\u00e9gions concern\u00e9es par les projets, ils fixeront le dioxyde de carbone et stabiliseront les sols.<\/p>\n<p>Les comp\u00e9tences transmises dans le cadre des projets auront un impact sur l&rsquo;avenir des populations b\u00e9n\u00e9ficiaires, et les enfants et les jeunes impliqu\u00e9s dans les projets seront les d\u00e9cideurs de demain.[\/vc_column_text][\/vc_column][\/vc_row][vc_row][vc_column width=\u00a0\u00bb1\/6&Prime;][vc_icon icon_fontawesome=\u00a0\u00bbfas fa-hand-holding-heart\u00a0\u00bb color=\u00a0\u00bbcustom\u00a0\u00bb align=\u00a0\u00bbright\u00a0\u00bb custom_color=\u00a0\u00bb#38b655&Prime;][\/vc_column][vc_column width=\u00a0\u00bb5\/6&Prime;][vc_column_text]<strong>8) Les projets du Fonds pour le climat sont suivis et \u00e9valu\u00e9s professionnellement<br \/>\n<\/strong><\/p>\n<p>Tous les projets du Fonds pour le climat sont accompagn\u00e9s par des \u00e9quipes de projet professionnelles des organisations africaines des Amis de la Nature, et un groupe de pilotage international \u00e9value avec eux si les objectifs fix\u00e9s ont \u00e9t\u00e9 atteints. Notre approche partenariale permet une collaboration d&rsquo;\u00e9gal \u00e0 \u00e9gal profitant \u00e0 tous les acteurs.<\/p>\n<p>Et nous continuons \u00e0 suivre de pr\u00e8s l&rsquo;impact des projets dans la r\u00e9gion, m\u00eame apr\u00e8s leur fin. De nombreuses visites aux projets sont organis\u00e9es \u00e0 l\u2019occasion de voyages des Amis de la Nature. Les voyageurs peuvent ainsi se convaincre personnellement du succ\u00e8s d\u2019un projet, et les populations ont la possibilit\u00e9 de pr\u00e9senter leurs r\u00e9alisations de leur point de vue.[\/vc_column_text][\/vc_column][\/vc_row][vc_row][vc_column width=\u00a0\u00bb1\/6&Prime;][vc_icon icon_fontawesome=\u00a0\u00bbfas fa-hand-holding-heart\u00a0\u00bb color=\u00a0\u00bbcustom\u00a0\u00bb align=\u00a0\u00bbright\u00a0\u00bb custom_color=\u00a0\u00bb#38b655&Prime;][\/vc_column][vc_column width=\u00a0\u00bb5\/6&Prime;][vc_column_text css=\u00a0\u00bb\u00a0\u00bb]<strong>9) Les dons au Fonds pour le climat sont affect\u00e9s \u00e0 100 % \u00e0 des projets concrets<br \/>\n<\/strong><\/p>\n<p>Contrairement \u00e0 de nombreuses autres campagnes de collecte de fonds, 100 % des dons sont affect\u00e9s aux projets sur place, sans d\u00e9duction de frais administratifs ou autres. L&rsquo;administration du Fonds pour le climat est rendue possible gr\u00e2ce aux fonds de l&rsquo;IAN et au b\u00e9n\u00e9volat.[\/vc_column_text][\/vc_column][\/vc_row][vc_row][vc_column width=\u00a0\u00bb1\/6&Prime;][vc_icon icon_fontawesome=\u00a0\u00bbfas fa-hand-holding-heart\u00a0\u00bb color=\u00a0\u00bbcustom\u00a0\u00bb align=\u00a0\u00bbright\u00a0\u00bb custom_color=\u00a0\u00bb#38b655&Prime;][\/vc_column][vc_column width=\u00a0\u00bb5\/6&Prime;][vc_column_text]<strong>10) Les projets du Fonds pour le climat sont porteurs d\u2019un bon avenir<\/strong><\/p>\n<p>Votre don ne sauvera pas le monde. Mais il est une contribution solidaire \u00e0 un avenir bon et \u00e9quitable pour tous les \u00eatres humains \u2013 dans l&rsquo;esprit des Objectifs de d\u00e9veloppement durable (ODD) des Nations Unies.[\/vc_column_text][\/vc_column][\/vc_row]<\/p>\n<\/div>","protected":false},"excerpt":{"rendered":"<p>[vc_row equal_height=\u00a0\u00bbyes\u00a0\u00bb content_placement=\u00a0\u00bbtop\u00a0\u00bb][vc_column width=\u00a0\u00bb1\/6&Prime;][\/vc_column][vc_column width=\u00a0\u00bb5\/6&Prime;][vc_column_text] 10 raisons pour vous de faire un don [\/vc_column_text][\/vc_column][\/vc_row][vc_row][vc_column width=\u00a0\u00bb1\/6&Prime;][vc_icon icon_fontawesome=\u00a0\u00bbfas fa-hand-holding-heart\u00a0\u00bb color=\u00a0\u00bbcustom\u00a0\u00bb align=\u00a0\u00bbright\u00a0\u00bb custom_color=\u00a0\u00bb#38b655&Prime;][\/vc_column][vc_column width=\u00a0\u00bb5\/6&Prime;][vc_column_text]1) Les projets du Fonds pour le climat permettent d\u2019all\u00e9ger votre empreinte \u00e9cologique La plupart des populations des pays du Nord global m\u00e8nent une vie relativement bonne \u2013 toutefois au d\u00e9triment de l&rsquo;environnement et des [&hellip;]<\/p>\n","protected":false},"author":1,"featured_media":0,"parent":0,"menu_order":0,"comment_status":"closed","ping_status":"closed","template":"","meta":{"_acf_changed":false,"_seopress_robots_primary_cat":"","_seopress_titles_title":"","_seopress_titles_desc":"","_seopress_robots_index":"","footnotes":""},"class_list":["post-2156","page","type-page","status-publish","hentry"],"blocksy_meta":{"styles_descriptor":{"styles":{"desktop":"","tablet":"","mobile":""},"google_fonts":[],"version":6},"page_title_panel":"","has_hero_section":"disabled","f369218d30db510bf92316d0de494348":"","hero_section":"type-1","hero_elements":[{"id":"custom_title","enabled":true,"heading_tag":"h1","title":"Startseite"},{"id":"custom_description","enabled":true,"description_visibility":{"desktop":true,"tablet":true,"mobile":false}},{"id":"custom_meta","enabled":false,"meta_elements":[{"id":"author","enabled":true,"label":"Von","has_author_avatar":"yes","avatar_size":25},{"id":"post_date","enabled":true,"label":"Am","date_format_source":"default","date_format":"M j, Y"},{"id":"updated_date","enabled":false,"label":"Am","date_format_source":"default","date_format":"M j, Y"},{"id":"categories","enabled":false,"label":"In","style":"simple"},{"id":"comments","enabled":true}],"page_meta_elements":{"joined":true,"articles_count":true,"comments":true}},{"id":"breadcrumbs","enabled":false}],"df52a03e29f9e6d72b0a646374309f94":"","hero_alignment1":"CT_CSS_SKIP_RULE","hero_margin":40,"hero_alignment2":"center","hero_vertical_alignment":"center","61cccdbf258cde8fccb9968ac7d51410":"","hero_structure":"narrow","a1dfc88a3194c5df10a517f0aae60374":"","page_title_bg_type":"featured_image","custom_hero_background":{"attachment_id":null},"page_title_image_size":"full","parallax":{"desktop":false,"tablet":false,"mobile":false},"28462f54bafd3124c7342e6c2ce26e43":"","hero_height":"250px","pageTitleFont":{"family":"Default","variation":"Default","size":"30px","line-height":"CT_CSS_SKIP_RULE","letter-spacing":"CT_CSS_SKIP_RULE","text-transform":"CT_CSS_SKIP_RULE","text-decoration":"CT_CSS_SKIP_RULE"},"pageTitleFontColor":{"default":{"color":"CT_CSS_SKIP_RULEDEFAULT"}},"pageMetaFont":{"family":"Default","variation":"n6","size":"12px","line-height":"1.3","letter-spacing":"CT_CSS_SKIP_RULE","text-transform":"uppercase","text-decoration":"CT_CSS_SKIP_RULE"},"pageMetaFontColor":{"default":{"color":"CT_CSS_SKIP_RULEDEFAULT"},"hover":{"color":"CT_CSS_SKIP_RULEDEFAULT"}},"page_meta_button_type_font_colors":{"default":{"color":"CT_CSS_SKIP_RULEDEFAULT"},"hover":{"color":"CT_CSS_SKIP_RULEDEFAULT"}},"page_meta_button_type_background_colors":{"default":{"color":"CT_CSS_SKIP_RULEDEFAULT"},"hover":{"color":"CT_CSS_SKIP_RULEDEFAULT"}},"pageExcerptFont":{"family":"Default","variation":"Default","size":"CT_CSS_SKIP_RULE","line-height":"CT_CSS_SKIP_RULE","letter-spacing":"CT_CSS_SKIP_RULE","text-transform":"CT_CSS_SKIP_RULE","text-decoration":"CT_CSS_SKIP_RULE"},"pageExcerptColor":{"default":{"color":"CT_CSS_SKIP_RULEDEFAULT"}},"breadcrumbsFont":{"family":"Default","variation":"Default","size":"CT_CSS_SKIP_RULE","line-height":"CT_CSS_SKIP_RULE","letter-spacing":"CT_CSS_SKIP_RULE","text-transform":"CT_CSS_SKIP_RULE","text-decoration":"CT_CSS_SKIP_RULE"},"breadcrumbsFontColor":{"default":{"color":"CT_CSS_SKIP_RULEDEFAULT"},"initial":{"color":"CT_CSS_SKIP_RULEDEFAULT"},"hover":{"color":"CT_CSS_SKIP_RULEDEFAULT"}},"pageTitleOverlay":{"background_type":"color","background_pattern":"type-1","background_image":{"attachment_id":null,"x":0,"y":0},"gradient":"linear-gradient(135deg,rgba(6,147,227,1) 0%,rgb(155,81,224) 100%)","background_repeat":"repeat","background_size":"auto","background_attachment":"scroll","patternColor":{"default":{"color":"#e5e7ea"}},"overlayColor":{"default":{"color":"CT_CSS_SKIP_RULE"}},"backgroundColor":{"default":{"color":"CT_CSS_SKIP_RULE"}}},"pageTitleBackground":{"background_type":"color","background_pattern":"type-1","background_image":{"attachment_id":null,"x":0,"y":0},"gradient":"linear-gradient(135deg,rgba(6,147,227,1) 0%,rgb(155,81,224) 100%)","background_repeat":"repeat","background_size":"auto","background_attachment":"scroll","patternColor":{"default":{"color":"#e5e7ea"}},"overlayColor":{"default":{"color":"CT_CSS_SKIP_RULE"}},"backgroundColor":{"default":{"color":"var(--theme-palette-color-6)"}}},"pageTitlePadding":{"top":"50px","bottom":"50px","left":"auto","right":"auto","linked":true},"cdce7c669f23cc557fd0eea5f2722619":"","page_structure_type":"default","9238aab2f6b436fcbf699d4902888aff":"","content_style_source":"inherit","content_style":"wide","vertical_spacing_source":"inherit","content_area_spacing":"both","background":{"background_type":"color","background_pattern":"type-1","background_image":{"attachment_id":null,"x":0,"y":0},"gradient":"linear-gradient(135deg,rgba(6,147,227,1) 0%,rgb(155,81,224) 100%)","background_repeat":"repeat","background_size":"auto","background_attachment":"scroll","patternColor":{"default":{"color":"#e5e7ea"}},"overlayColor":{"default":{"color":"CT_CSS_SKIP_RULE"}},"backgroundColor":{"default":{"color":"CT_CSS_SKIP_RULE"}}},"content_background":{"background_type":"color","background_pattern":"type-1","background_image":{"attachment_id":null,"x":0,"y":0},"gradient":"linear-gradient(135deg,rgba(6,147,227,1) 0%,rgb(155,81,224) 100%)","background_repeat":"repeat","background_size":"auto","background_attachment":"scroll","patternColor":{"default":{"color":"#e5e7ea"}},"overlayColor":{"default":{"color":"CT_CSS_SKIP_RULE"}},"backgroundColor":{"default":{"color":"var(--theme-palette-color-8)"}}},"content_boxed_shadow":{"inherit":false,"blur":18,"spread":-6,"v_offset":12,"h_offset":0,"inset":false,"enable":true,"color":{"color":"rgba(34, 56, 101, 0.04)"}},"boxed_content_spacing":{"desktop":{"top":"40px","bottom":"40px","left":"40px","right":"40px","linked":true},"tablet":{"top":"35px","bottom":"35px","left":"35px","right":"35px","linked":true},"mobile":{"top":"20px","bottom":"20px","left":"20px","right":"20px","linked":true}},"content_boxed_radius":{"top":"3px","bottom":"3px","left":"3px","right":"3px","linked":true},"c11807c11bfe106b2752cdde8dcedfdb":"","disable_featured_image":"no","disable_share_box":"no","disable_header":"no","disable_footer":"no"},"acf":[],"_links":{"self":[{"href":"https:\/\/climatefund.nf-int.org\/fr\/wp-json\/wp\/v2\/pages\/2156","targetHints":{"allow":["GET"]}}],"collection":[{"href":"https:\/\/climatefund.nf-int.org\/fr\/wp-json\/wp\/v2\/pages"}],"about":[{"href":"https:\/\/climatefund.nf-int.org\/fr\/wp-json\/wp\/v2\/types\/page"}],"author":[{"embeddable":true,"href":"https:\/\/climatefund.nf-int.org\/fr\/wp-json\/wp\/v2\/users\/1"}],"replies":[{"embeddable":true,"href":"https:\/\/climatefund.nf-int.org\/fr\/wp-json\/wp\/v2\/comments?post=2156"}],"version-history":[{"count":5,"href":"https:\/\/climatefund.nf-int.org\/fr\/wp-json\/wp\/v2\/pages\/2156\/revisions"}],"predecessor-version":[{"id":3898,"href":"https:\/\/climatefund.nf-int.org\/fr\/wp-json\/wp\/v2\/pages\/2156\/revisions\/3898"}],"wp:attachment":[{"href":"https:\/\/climatefund.nf-int.org\/fr\/wp-json\/wp\/v2\/media?parent=2156"}],"curies":[{"name":"wp","href":"https:\/\/api.w.org\/{rel}","templated":true}]}}