{"id":2160,"date":"2022-07-06T11:52:54","date_gmt":"2022-07-06T09:52:54","guid":{"rendered":"https:\/\/climatefund.nf-int.org\/wp\/klimagerechtigkeit-schenken\/"},"modified":"2022-11-11T11:03:30","modified_gmt":"2022-11-11T10:03:30","slug":"justice-climatique-en-cadeau","status":"publish","type":"page","link":"https:\/\/climatefund.nf-int.org\/fr\/justice-climatique-en-cadeau\/","title":{"rendered":"La justice climatique en cadeau"},"content":{"rendered":"<div class=\"wpb-content-wrapper\"><p>[vc_row][vc_column][vc_column_text]<span data-contrast=\"auto\">Les dons au Fonds pour le climat sont aussi des cadeaux pleins de sens !<\/span><span data-ccp-props=\"{&quot;201341983&quot;:0,&quot;335559739&quot;:160,&quot;335559740&quot;:259}\">\u00a0<\/span><\/p>\n<p><span data-contrast=\"auto\"><strong>Un don de 25 euros permet la plantation de cinq arbres fruitiers ainsi que la mise en \u0153uvre de mesures d&rsquo;entretien n\u00e9cessaires.<\/strong> Les arbres sont confi\u00e9s aux soins de familles, accompagn\u00e9es par les \u00e9quipes techniques des Amis de la Nature africains.<\/span><span data-ccp-props=\"{&quot;201341983&quot;:0,&quot;335559739&quot;:160,&quot;335559740&quot;:259}\">\u00a0<\/span><\/p>\n<p><span data-contrast=\"auto\">Des partenariats pour des arbres sont des cadeaux particuli\u00e8rement durables, prenant la forme de paiements r\u00e9guliers qui permettent un suivi continu dans la r\u00e9gion du projet en question ainsi que l\u2019organisation d\u2019actions de sensibilisation et des formations pour les populations.<\/span><span data-ccp-props=\"{&quot;201341983&quot;:0,&quot;335559739&quot;:160,&quot;335559740&quot;:259}\">\u00a0<\/span><\/p>\n<p><strong>Nous \u00e9tablirons volontiers un certificat cadeau \u00e0 remettre \u00e0 la personne b\u00e9n\u00e9ficiaire du cadeau.\u00a0<\/strong><\/p>\n<p><b><span data-contrast=\"auto\">Les possibilit\u00e9s d\u2019offrir un arbre\u202f:<\/span><\/b><span data-ccp-props=\"{&quot;201341983&quot;:0,&quot;335559739&quot;:160,&quot;335559740&quot;:259}\">\u00a0<\/span>[\/vc_column_text][\/vc_column][\/vc_row][vc_row css=\u00a0\u00bb.vc_custom_1657299637462{margin-top: -50px !important;background-image: url(https:\/\/climatefund.nf-int.org\/wp-content\/uploads\/2022\/07\/Trees-1.png?id=1175) !important;background-position: center !important;background-repeat: no-repeat !important;background-size: contain !important;}\u00a0\u00bb][vc_column width=\u00a0\u00bb1\/2&Prime;][vc_column_text]<\/p>\n<h3><span data-contrast=\"auto\">Un arbre de No\u00ebl<\/span><span data-ccp-props=\"{&quot;201341983&quot;:0,&quot;335559739&quot;:160,&quot;335559740&quot;:259}\">\u00a0<\/span><\/h3>\n<p><span data-contrast=\"auto\">Offrez und arbre de No\u00ebl particuli\u00e8rement durable, qui fera plaisir non seulement au destinataire du cadeau, mais aussi aux habitant\/e\/s de la r\u00e9gion du projet !<\/span><span data-ccp-props=\"{&quot;201341983&quot;:0,&quot;335559739&quot;:160,&quot;335559740&quot;:259}\">\u00a0<\/span><\/p>\n<h3><span data-contrast=\"auto\">Un arbre pour un anniversaire<\/span><span data-ccp-props=\"{&quot;201341983&quot;:0,&quot;335559739&quot;:160,&quot;335559740&quot;:259}\">\u00a0<\/span><\/h3>\n<p><span data-contrast=\"auto\">L&rsquo;anniversaire d&rsquo;un proche s\u2019annonce et vous ne savez pas quoi offrir, car la personne semble avoir d\u00e9j\u00e0 tout ce qui vous vient \u00e0 l&rsquo;esprit ? Offrir un arbre en Afrique est une id\u00e9e de cadeau cr\u00e9ative dont beaucoup de personnes peuvent profiter.<\/span><span data-ccp-props=\"{&quot;201341983&quot;:0,&quot;335559739&quot;:160,&quot;335559740&quot;:259}\">\u00a0<\/span><\/p>\n<h3><span data-contrast=\"auto\">Un arbre pour un nouveau-n\u00e9<\/span><span data-ccp-props=\"{&quot;201341983&quot;:0,&quot;335559739&quot;:160,&quot;335559740&quot;:259}\">\u00a0<\/span><\/h3>\n<p><span data-contrast=\"auto\">L\u2019arbre offert par vous sera en m\u00eame temps un symbole d&rsquo;un bel avenir.<\/span><span data-ccp-props=\"{&quot;201341983&quot;:0,&quot;335559739&quot;:160,&quot;335559740&quot;:259}\">\u00a0<\/span>[\/vc_column_text][\/vc_column][vc_column width=\u00a0\u00bb1\/2&Prime;][vc_column_text]<\/p>\n<h3><span data-contrast=\"auto\">Un arbre pour un mariage<\/span><span data-ccp-props=\"{&quot;201341983&quot;:0,&quot;335559739&quot;:160,&quot;335559740&quot;:259}\">\u00a0<\/span><\/h3>\n<p><span data-contrast=\"auto\">Accompagnez le d\u00e9but de la vie commune de deux personnes avec un cadeau durable pour le couple et pour la plan\u00e8te !<\/span><span data-ccp-props=\"{&quot;201341983&quot;:0,&quot;335559739&quot;:160,&quot;335559740&quot;:259}\">\u00a0<\/span><\/p>\n<h3><span data-contrast=\"auto\">Un arbre \u00e0 la m\u00e9moire d&rsquo;un \u00eatre cher<\/span><span data-ccp-props=\"{&quot;201341983&quot;:0,&quot;335559739&quot;:160,&quot;335559740&quot;:259}\">\u00a0<\/span><\/h3>\n<p><span data-contrast=\"auto\">En faisant un don au Fonds pour le climat, vous pouvez comm\u00e9morer un<\/span><span data-contrast=\"auto\"> \u00eatre cher et cr\u00e9er une nouvelle perspective de vie pour les habitants de la r\u00e9gion du projet.<\/span><span data-ccp-props=\"{&quot;201341983&quot;:0,&quot;335559739&quot;:160,&quot;335559740&quot;:259}\">\u00a0<\/span><\/p>\n<p><strong>Vous avez encore des questions sur les cadeaux du Fonds pour le climat ou souhaitez recevoir un certificat cadeau ?\u00a0<\/strong><\/p>\n<p><strong><span class=\"TextRun SCXW211436289 BCX2\" lang=\"FR-FR\" xml:lang=\"FR-FR\" data-contrast=\"auto\"><span class=\"NormalTextRun SCXW211436289 BCX2\">N&rsquo;h\u00e9site<\/span><span class=\"NormalTextRun SCXW211436289 BCX2\">z<\/span><span class=\"NormalTextRun SCXW211436289 BCX2\"> pas \u00e0 contacter<\/span><\/span> <a href=\"mailto:elena.teutsch@nf-int.org\">elena.teutsch@nf-int.org<\/a><\/strong>[\/vc_column_text][\/vc_column][\/vc_row]<\/p>\n<\/div>","protected":false},"excerpt":{"rendered":"<p>[vc_row][vc_column][vc_column_text]Les dons au Fonds pour le climat sont aussi des cadeaux pleins de sens !\u00a0 Un don de 25 euros permet la plantation de cinq arbres fruitiers ainsi que la mise en \u0153uvre de mesures d&rsquo;entretien n\u00e9cessaires. Les arbres sont confi\u00e9s aux soins de familles, accompagn\u00e9es par les \u00e9quipes techniques des Amis de la Nature [&hellip;]<\/p>\n","protected":false},"author":1,"featured_media":0,"parent":0,"menu_order":0,"comment_status":"closed","ping_status":"closed","template":"","meta":{"_acf_changed":false,"_seopress_robots_primary_cat":"","_seopress_titles_title":"","_seopress_titles_desc":"","_seopress_robots_index":"","footnotes":""},"class_list":["post-2160","page","type-page","status-publish","hentry"],"blocksy_meta":{"styles_descriptor":{"styles":{"desktop":"","tablet":"","mobile":""},"google_fonts":[],"version":6}},"acf":[],"_links":{"self":[{"href":"https:\/\/climatefund.nf-int.org\/fr\/wp-json\/wp\/v2\/pages\/2160","targetHints":{"allow":["GET"]}}],"collection":[{"href":"https:\/\/climatefund.nf-int.org\/fr\/wp-json\/wp\/v2\/pages"}],"about":[{"href":"https:\/\/climatefund.nf-int.org\/fr\/wp-json\/wp\/v2\/types\/page"}],"author":[{"embeddable":true,"href":"https:\/\/climatefund.nf-int.org\/fr\/wp-json\/wp\/v2\/users\/1"}],"replies":[{"embeddable":true,"href":"https:\/\/climatefund.nf-int.org\/fr\/wp-json\/wp\/v2\/comments?post=2160"}],"version-history":[{"count":6,"href":"https:\/\/climatefund.nf-int.org\/fr\/wp-json\/wp\/v2\/pages\/2160\/revisions"}],"predecessor-version":[{"id":2808,"href":"https:\/\/climatefund.nf-int.org\/fr\/wp-json\/wp\/v2\/pages\/2160\/revisions\/2808"}],"wp:attachment":[{"href":"https:\/\/climatefund.nf-int.org\/fr\/wp-json\/wp\/v2\/media?parent=2160"}],"curies":[{"name":"wp","href":"https:\/\/api.w.org\/{rel}","templated":true}]}}