{"id":2167,"date":"2022-03-30T10:52:40","date_gmt":"2022-03-30T08:52:40","guid":{"rendered":"https:\/\/climatefund.nf-int.org\/wp\/klimawandel-globaler-sueden\/"},"modified":"2022-08-30T14:06:39","modified_gmt":"2022-08-30T12:06:39","slug":"klimawandel-globaler-sueden","status":"publish","type":"page","link":"https:\/\/climatefund.nf-int.org\/fr\/klimawandel-globaler-sueden\/","title":{"rendered":"Le changement climatique et le Sud global"},"content":{"rendered":"<div class=\"wpb-content-wrapper\"><p>[vc_row][vc_column][vc_column_text]<span data-contrast=\"auto\">Les pays du Sud global sont particuli\u00e8rement touch\u00e9s par le changement climatique, bien que leur part aux \u00e9missions mondiales de gaz \u00e0 effet de serre soit relativement faible.<\/span><span data-ccp-props=\"{&quot;201341983&quot;:0,&quot;335559739&quot;:160,&quot;335559740&quot;:259}\">\u00a0<\/span><\/p>\n<p><span data-contrast=\"auto\">Le S\u00e9n\u00e9gal en est un exemple : une grande partie de sa population gagne sa vie dans l&rsquo;agriculture et la p\u00eache. Ce sont justement ces secteurs importants qui sont les plus touch\u00e9s par les d\u00e9r\u00e8glements climatiques. Les p\u00e9riodes de s\u00e9cheresse se multiplient en raison du changement climatique, ce qui aggrave encore les conditions d\u00e9j\u00e0 tr\u00e8s difficiles pour l&rsquo;agriculture et entra\u00eene de mauvaises r\u00e9coltes, voire des pertes totales de r\u00e9coltes. Les pr\u00e9cipitations tant attendues tombent de plus en plus souvent sous forme de pluies torrentielles, comme en ao\u00fbt 2021, lorsque des inondations ont provoqu\u00e9 de graves d\u00e9g\u00e2ts dans de nombreuses r\u00e9gions du pays.<\/span><span data-ccp-props=\"{&quot;201341983&quot;:0,&quot;335559739&quot;:160,&quot;335559740&quot;:259}\">\u00a0<\/span><\/p>\n<p><span data-contrast=\"auto\">L&rsquo;\u00e9cosyst\u00e8me marin souffre lui aussi des cons\u00e9quences du changement climatique et, avec lui, la p\u00eache qui fait vivre environ 15 pour cent de la population active du S\u00e9n\u00e9gal. Le r\u00e9chauffement global entra\u00eene une modification des courants marins, de sorte que les grands bancs de poissons prennent d\u2019autres routes. A cela s&rsquo;ajoute la surp\u00eache \u2013 due aussi aux accords de p\u00eache internationaux dont profitent surtout les pays du Nord global, parmi eux des pays membres de l&rsquo;Union europ\u00e9enne.<\/span><span data-ccp-props=\"{&quot;201341983&quot;:0,&quot;335559739&quot;:160,&quot;335559740&quot;:259}\">\u00a0<\/span><\/p>\n<p><span data-contrast=\"auto\">Plus de la moiti\u00e9 de la population du S\u00e9n\u00e9gal vit dans des r\u00e9gions c\u00f4ti\u00e8res, o\u00f9 de vastes zones sont victimes de la mont\u00e9e du niveau de la mer et de l&rsquo;\u00e9rosion c\u00f4ti\u00e8re. Combin\u00e9 \u00e0 l\u2019augmentation rapide de la salinisation des sols, aux temp\u00eates et \u00e0 la perte de biodiversit\u00e9, ce ph\u00e9nom\u00e8ne prive les populations de leurs moyens de subsistance.<\/span><span data-ccp-props=\"{&quot;201341983&quot;:0,&quot;335559739&quot;:160,&quot;335559740&quot;:259}\">\u00a0<\/span><\/p>\n<p><span data-contrast=\"auto\">Ainsi, un nombre toujours croissant de personnes des r\u00e9gions rurales sont contraintes de migrer vers les villes. Mais l\u00e0 non plus, il n&rsquo;y a gu\u00e8re de perspectives \u2013 le seul espoir est souvent celui d\u2019une vie meilleure en Europe. Le changement climatique devient donc dans une mesure croissante le moteur de mouvements migratoires du continent africain vers des zones climatiques plus temp\u00e9r\u00e9es<\/span><b><span data-contrast=\"auto\">.<\/span><\/b><span data-ccp-props=\"{&quot;201341983&quot;:0,&quot;335559739&quot;:160,&quot;335559740&quot;:259}\">\u00a0<\/span><\/p>\n<p><b><\/b><span data-ccp-props=\"{&quot;201341983&quot;:0,&quot;335559739&quot;:160,&quot;335559740&quot;:259}\"><br \/>\n<\/span><\/p>\n<p><span data-ccp-props=\"{&quot;201341983&quot;:0,&quot;335559739&quot;:160,&quot;335559740&quot;:259}\">\u00a0<\/span>[\/vc_column_text][\/vc_column][\/vc_row]<\/p>\n<\/div>","protected":false},"excerpt":{"rendered":"<p>[vc_row][vc_column][vc_column_text]Les pays du Sud global sont particuli\u00e8rement touch\u00e9s par le changement climatique, bien que leur part aux \u00e9missions mondiales de gaz \u00e0 effet de serre soit relativement faible.\u00a0 Le S\u00e9n\u00e9gal en est un exemple : une grande partie de sa population gagne sa vie dans l&rsquo;agriculture et la p\u00eache. Ce sont justement ces secteurs importants [&hellip;]<\/p>\n","protected":false},"author":1,"featured_media":0,"parent":0,"menu_order":0,"comment_status":"closed","ping_status":"closed","template":"","meta":{"_acf_changed":false,"_seopress_robots_primary_cat":"","_seopress_titles_title":"","_seopress_titles_desc":"","_seopress_robots_index":"","footnotes":""},"class_list":["post-2167","page","type-page","status-publish","hentry"],"blocksy_meta":{"styles_descriptor":{"styles":{"desktop":"","tablet":"","mobile":""},"google_fonts":[],"version":6}},"acf":[],"_links":{"self":[{"href":"https:\/\/climatefund.nf-int.org\/fr\/wp-json\/wp\/v2\/pages\/2167","targetHints":{"allow":["GET"]}}],"collection":[{"href":"https:\/\/climatefund.nf-int.org\/fr\/wp-json\/wp\/v2\/pages"}],"about":[{"href":"https:\/\/climatefund.nf-int.org\/fr\/wp-json\/wp\/v2\/types\/page"}],"author":[{"embeddable":true,"href":"https:\/\/climatefund.nf-int.org\/fr\/wp-json\/wp\/v2\/users\/1"}],"replies":[{"embeddable":true,"href":"https:\/\/climatefund.nf-int.org\/fr\/wp-json\/wp\/v2\/comments?post=2167"}],"version-history":[{"count":3,"href":"https:\/\/climatefund.nf-int.org\/fr\/wp-json\/wp\/v2\/pages\/2167\/revisions"}],"predecessor-version":[{"id":2170,"href":"https:\/\/climatefund.nf-int.org\/fr\/wp-json\/wp\/v2\/pages\/2167\/revisions\/2170"}],"wp:attachment":[{"href":"https:\/\/climatefund.nf-int.org\/fr\/wp-json\/wp\/v2\/media?parent=2167"}],"curies":[{"name":"wp","href":"https:\/\/api.w.org\/{rel}","templated":true}]}}