{"id":2173,"date":"2022-03-30T15:46:53","date_gmt":"2022-03-30T13:46:53","guid":{"rendered":"https:\/\/climatefund.nf-int.org\/wp\/unsere-mission\/"},"modified":"2022-08-30T14:13:34","modified_gmt":"2022-08-30T12:13:34","slug":"unsere-mission","status":"publish","type":"page","link":"https:\/\/climatefund.nf-int.org\/fr\/unsere-mission\/","title":{"rendered":"Notre vision"},"content":{"rendered":"<div class=\"wpb-content-wrapper\"><p>[vc_row equal_height=\u00a0\u00bbyes\u00a0\u00bb css=\u00a0\u00bb.vc_custom_1648641917758{margin-top: -20px !important;padding-top: 0px !important;}\u00a0\u00bb][vc_column][vc_column_text]<span data-contrast=\"auto\">Gr\u00e2ce au Fonds des Amis de la Nature pour le climat, nous contribuons \u00e0 un monde plus juste (sur le plan climatique) et soutenons les populations du Sud par des partenariats, afin qu&rsquo;elles puissent adapter au mieux leurs vies aux effets du changement climatique et contribuer elles-m\u00eames \u00e0 la protection du climat.<\/span><span data-ccp-props=\"{&quot;201341983&quot;:0,&quot;335559739&quot;:160,&quot;335559740&quot;:256}\">\u00a0<\/span><\/p>\n<p><span data-contrast=\"auto\">Parall\u00e8lement, nous proposons \u00e0 tous les Amis de la Nature du Nord global d&rsquo;apporter une contribution solidaire pour plus de justice climatique<\/span><span data-contrast=\"auto\">, \u00e0 travers un don au F<\/span><span data-contrast=\"auto\">onds pour le climat. Ce don est revers\u00e9 \u00e0 100 %, sans d\u00e9duction de frais administratifs, aux populations des r\u00e9gions de projet du Sud.<\/span><span data-ccp-props=\"{&quot;201341983&quot;:0,&quot;335559739&quot;:160,&quot;335559740&quot;:256}\">\u00a0<\/span><\/p>\n<p><span data-contrast=\"auto\">Nous assumons ainsi la responsabilit\u00e9 de notre mode de vie occidental vis-\u00e0-vis des populations du Sud global, qui contribuent bien moins aux \u00e9missions mondiales de gaz \u00e0 effet de serre, mais qui sont beaucoup plus touch\u00e9es par le changement climatique.<\/span><span data-ccp-props=\"{&quot;201341983&quot;:0,&quot;335559739&quot;:160,&quot;335559740&quot;:256}\">\u00a0<\/span><\/p>\n<p><span data-contrast=\"auto\">Gr\u00e2ce \u00e0 des informations r\u00e9guli\u00e8res sur la mise en \u0153uvre des projets du Fonds pour le climat et \u00e0 des voyages d\u2019Amis de la Nature dans les r\u00e9gions concern\u00e9es par les projets, les Amis de la Nature int\u00e9ress\u00e9s ont la possibilit\u00e9 de faire connaissance avec des r\u00e9alit\u00e9s de vie diff\u00e9rentes et peuvent \u00eatre sensibilis\u00e9s pour l&rsquo;impact de nos modes de vie sur les d\u00e9veloppements mondiaux.<\/span><span data-ccp-props=\"{&quot;201341983&quot;:0,&quot;335559739&quot;:160,&quot;335559740&quot;:256}\">\u00a0<\/span><\/p>\n<p><span data-contrast=\"auto\">Nos projets constituent un exemple de bonnes pratiques dans le sens d\u2019une collaboration globale d&rsquo;\u00e9gal \u00e0 \u00e9gal, dont les deux parties profitent et qui apporte une contribution importante aux Objectifs de D\u00e9veloppement Durable (ODD) des Nations Unies.<\/span><span data-ccp-props=\"{&quot;201341983&quot;:0,&quot;335559739&quot;:160,&quot;335559740&quot;:256}\">\u00a0<\/span><\/p>\n<p><span data-ccp-props=\"{&quot;201341983&quot;:0,&quot;335559739&quot;:160,&quot;335559740&quot;:256}\">\u00a0<\/span>[\/vc_column_text][\/vc_column][\/vc_row]<\/p>\n<\/div>","protected":false},"excerpt":{"rendered":"<p>[vc_row equal_height=\u00a0\u00bbyes\u00a0\u00bb css=\u00a0\u00bb.vc_custom_1648641917758{margin-top: -20px !important;padding-top: 0px !important;}\u00a0\u00bb][vc_column][vc_column_text]Gr\u00e2ce au Fonds des Amis de la Nature pour le climat, nous contribuons \u00e0 un monde plus juste (sur le plan climatique) et soutenons les populations du Sud par des partenariats, afin qu&rsquo;elles puissent adapter au mieux leurs vies aux effets du changement climatique et contribuer elles-m\u00eames \u00e0 la [&hellip;]<\/p>\n","protected":false},"author":1,"featured_media":0,"parent":0,"menu_order":0,"comment_status":"closed","ping_status":"closed","template":"","meta":{"_acf_changed":false,"_seopress_robots_primary_cat":"","_seopress_titles_title":"","_seopress_titles_desc":"","_seopress_robots_index":"","footnotes":""},"class_list":["post-2173","page","type-page","status-publish","hentry"],"blocksy_meta":{"styles_descriptor":{"styles":{"desktop":"","tablet":"","mobile":""},"google_fonts":[],"version":6}},"acf":[],"_links":{"self":[{"href":"https:\/\/climatefund.nf-int.org\/fr\/wp-json\/wp\/v2\/pages\/2173","targetHints":{"allow":["GET"]}}],"collection":[{"href":"https:\/\/climatefund.nf-int.org\/fr\/wp-json\/wp\/v2\/pages"}],"about":[{"href":"https:\/\/climatefund.nf-int.org\/fr\/wp-json\/wp\/v2\/types\/page"}],"author":[{"embeddable":true,"href":"https:\/\/climatefund.nf-int.org\/fr\/wp-json\/wp\/v2\/users\/1"}],"replies":[{"embeddable":true,"href":"https:\/\/climatefund.nf-int.org\/fr\/wp-json\/wp\/v2\/comments?post=2173"}],"version-history":[{"count":3,"href":"https:\/\/climatefund.nf-int.org\/fr\/wp-json\/wp\/v2\/pages\/2173\/revisions"}],"predecessor-version":[{"id":2176,"href":"https:\/\/climatefund.nf-int.org\/fr\/wp-json\/wp\/v2\/pages\/2173\/revisions\/2176"}],"wp:attachment":[{"href":"https:\/\/climatefund.nf-int.org\/fr\/wp-json\/wp\/v2\/media?parent=2173"}],"curies":[{"name":"wp","href":"https:\/\/api.w.org\/{rel}","templated":true}]}}