{"id":2218,"date":"2022-05-13T09:43:24","date_gmt":"2022-05-13T07:43:24","guid":{"rendered":"https:\/\/climatefund.nf-int.org\/wp\/impressum\/"},"modified":"2025-07-03T09:29:45","modified_gmt":"2025-07-03T07:29:45","slug":"mentions","status":"publish","type":"page","link":"https:\/\/climatefund.nf-int.org\/fr\/mentions\/","title":{"rendered":"Mentions l\u00e9gales"},"content":{"rendered":"<div class=\"wpb-content-wrapper\"><p>[vc_row][vc_column][vc_column_text css=\u00a0\u00bb\u00a0\u00bb]<strong>\u00c8diteur<\/strong><br \/>\nInternationale des Amis de la Nature<br \/>\nViktoriagasse 6\/1<br \/>\nA-1150 Vienne<br \/>\nZVR-Zahl: 672461383<\/p>\n<p><strong>Conception &amp; r\u00e9alisation<\/strong><br \/>\nInternationale des Amis de la Nature<\/p>\n<p><strong>Le but et les Activit\u00e9s de l\u2019Association conform\u00e9ment \u00e0 l\u2019article 4 des statuts :<\/strong><\/p>\n<p>1. Le but de l&rsquo;association sera atteint par le biais des activit\u00e9s et des moyens financiers mentionn\u00e9s aux paragraphes 2 et 3.<\/p>\n<p>2. Les activit\u00e9s pr\u00e9vues pour atteindre le but de l&rsquo;association sont les suivantes<\/p>\n<p>a. Organisation de rencontres internationales des organisations membres (physiques et en ligne) pour l&rsquo;\u00e9change d&rsquo;informations et d&rsquo;exp\u00e9riences, le positionnement commun et le d\u00e9veloppement de strat\u00e9gies et la pr\u00e9paration de projets communs.<\/p>\n<p>b. Mise en \u0153uvre de projets<\/p>\n<p>(i) relatifs \u00e0 la protection de l&rsquo;environnement, de la nature et du climat, au renforcement des normes environnementales et sociales et au respect des droits humains, ainsi qu&rsquo;\u00e0 l&rsquo;int\u00e9gration et \u00e0 l&rsquo;inclusion des personnes de culture, de religion ou d&rsquo;origine ethnique diff\u00e9rentes et des personnes socialement d\u00e9favoris\u00e9es, ainsi que des personnes handicap\u00e9es ;<\/p>\n<p>(ii) relatifs \u00e0 l&rsquo;instauration de la justice climatique ainsi qu&rsquo;\u00e0 la sensibilisation de la population et \u00e0 la pr\u00e9servation des ressources \u00e9cologiques \u2013 en particulier dans les pays du Sud global<\/p>\n<p>(iii) relatifs \u00e0 la sensibilisation vers des comportements (\u00e9cologique et social) durables en mati\u00e8re de voyages et de loisirs ;<\/p>\n<p>(iv) relatifs \u00e0 la promotion d\u2019activit\u00e9s sportives et de d\u00e9couverte de la nature.<\/p>\n<p>c. Information du public sur les d\u00e9veloppements globaux dans le domaine de la protection de l&rsquo;environnement et du climat, des droits humains et du tourisme, en particulier par l&rsquo;organisation ou la promotion de s\u00e9minaires, de r\u00e9unions, de manifestations d&rsquo;information et de discussion, de manifestations \u00e9ducatives, etc., ainsi que par un travail m\u00e9diatique tel que des communiqu\u00e9s de presse, des conf\u00e9rences de presse et la prise de contact avec des journalistes ainsi que leur l&rsquo;encadrement.<\/p>\n<p>d. Transmission de connaissances et de comp\u00e9tences pour le travail d&rsquo;information et d&rsquo;\u00e9ducation politique en mati\u00e8re d&rsquo;environnement et de d\u00e9veloppement. e. D\u00e9fense des int\u00e9r\u00eats du mouvement des Amis de la Nature en mati\u00e8re de politique sociale, environnementale et de d\u00e9veloppement, aux niveaux europ\u00e9en et international.<\/p>\n<p>e. D\u00e9fense des int\u00e9r\u00eats du mouvement des Amis de la Nature en mati\u00e8re de politique sociale, environnementale et de d\u00e9veloppement, aux niveaux europ\u00e9en et international.<\/p>\n<p>f. L&rsquo;association peut \u00e9voluer dans le cadre de coop\u00e9rations avec des organisations s&rsquo;engageant pour un d\u00e9veloppement durable de l&rsquo;\u00e9conomie et de la soci\u00e9t\u00e9, respectueux de l&rsquo;environnement et de la soci\u00e9t\u00e9. Si tous les partenaires de coop\u00e9ration ne b\u00e9n\u00e9ficient pas d&rsquo;un avantage fiscal au sens des \u00a7\u00a7 34 et suivants du BAO (Bundesabgabenordnung \u2013 Code f\u00e9d\u00e9ral des imp\u00f4ts), l&rsquo;objectif de la coop\u00e9ration ainsi que la contribution de l&rsquo;association \u00e0 la coop\u00e9ration doivent, conform\u00e9ment au \u00a7 40 alin\u00e9a 3 du BAO, constituer une promotion directe de son objectif b\u00e9n\u00e9ficiaire et il ne doit y avoir aucune sortie de fonds vers un partenaire de coop\u00e9ration non b\u00e9n\u00e9ficiaire au sens des \u00a7\u00a7 34 et suivants du BAO. g. Soutien \u00e0 des projets des organisations membres, promouvant directement le but de l&rsquo;association.<\/p>\n<p>h. \u00c9dition de publications (papier et en ligne).<\/p>\n<p>i. \u00a0Cr\u00e9ation d&rsquo;un site web et d&rsquo;autres m\u00e9dias \u00e9lectroniques.<\/p>\n<p>j. \u00c9laboration, collecte, \u00e9valuation, reproduction et diffusion de mat\u00e9riel p\u00e9dagogique sur l&rsquo;environnement et le d\u00e9veloppement, tel que : \u00e9crits, audiovisuels, jeux, expositions ;<\/p>\n<p>k. Promotion des Jeunes Amis de la Nature.<\/p>\n<p>3. Les moyens financiers n\u00e9cessaires doivent \u00eatre r\u00e9unis par :<\/p>\n<p>a. les cotisations des membres<\/p>\n<p>b. des subventions et aides financi\u00e8res<\/p>\n<p>c. des dons, collectes, legs<\/p>\n<p>d. la gestion de patrimoine (par exemple int\u00e9r\u00eats, autres revenus de capitaux, revenus de location)<\/p>\n<p>e. des contributions financi\u00e8res des personnes participantes et\/ou des partenaires de coop\u00e9ration, n\u00e9cessaires pour couvrir les co\u00fbts<\/p>\n<p>f. fonds issus de sponsoring<\/p>\n<p><strong>Indication de la source des images et des graphiques <\/strong><\/p>\n<p>L\u2019Internationale des Amis de la Nature entreprend tout pour respecter les droits d\u2019auteur sur les graphismes, photos et textes publi\u00e9s sur <a href=\"http:\/\/www.climatefund.nf-int.org\" target=\"_self\" rel=\"noopener\">www.climatefund.nf-int.org<\/a>. Seul l\u2019auteur et\/ou l\u2019Internationale des Amis de la Nature dispose\/nt des droits d\u2019auteur sur les photos, graphismes, etc. publi\u00e9s ou produits.<\/p>\n<p><strong>Garantie<\/strong><\/p>\n<p>L\u2019Internationale des Amis de la Nature n\u2019engage aucune responsabilit\u00e9 quant \u00e0 l\u2019actualit\u00e9, la pertinence, l\u2019int\u00e9gralit\u00e9 ou la qualit\u00e9 des informations publi\u00e9es sur le site web <a href=\"http:\/\/www.climatefund.nf-int.org\">www.climatefund.nf-int.org<\/a>.<\/p>\n<p><strong>Liens<\/strong><\/p>\n<p>L\u2019Internationale des Amis de la Nature n\u2019a aucune influence sur les contenus d\u2019autres sites web sur lesquels renvoient des liens externes. Nous n\u2019engageons aucune responsabilit\u00e9 pour la pertinence, l\u2019actualit\u00e9 ou \u00e9ventuels contenus illicites ou dispositions de protection de donn\u00e9es de ces autres sites web.<\/p>\n<p><strong>Droits d\u2018auteur<\/strong><br \/>\nLes contenus et \u0153uvres respectivement \u00e9labor\u00e9s et utilis\u00e9s par les op\u00e9rateurs sur ces pages sont r\u00e9gis par le droit d\u2019auteur autrichien. La reproduction, le traitement, la diffusion et toute sorte d\u2019utilisation en en dehors des limites du droit d\u2019auteur ont besoin du consentement de respectivement l\u2019auteur et le producteur. Des t\u00e9l\u00e9chargements et copies de ce site ne sont permis qu\u2019\u00e0 l\u2019usage priv\u00e9, non commercial. Si les contenus sur ce site n\u2019ont pas \u00e9t\u00e9 \u00e9labor\u00e9s par l\u2019op\u00e9rateur, les droits d\u2019auteur de tiers sont respect\u00e9s. De tels contenus de tiers sont notamment d\u00e9sign\u00e9s comme tels. Si vous remarquez malgr\u00e9 ceci des violations d\u2019un droit d\u2019auteur, nous vous prions de nous les signaler. En cas de violations du droit d\u2019auteur nous \u00e9liminerons aussit\u00f4t les contenus en question.[\/vc_column_text][\/vc_column][\/vc_row]<\/p>\n<\/div>","protected":false},"excerpt":{"rendered":"<p>[vc_row][vc_column][vc_column_text css=\u00a0\u00bb\u00a0\u00bb]\u00c8diteur Internationale des Amis de la Nature Viktoriagasse 6\/1 A-1150 Vienne ZVR-Zahl: 672461383 Conception &amp; r\u00e9alisation Internationale des Amis de la Nature Le but et les Activit\u00e9s de l\u2019Association conform\u00e9ment \u00e0 l\u2019article 4 des statuts : 1. Le but de l&rsquo;association sera atteint par le biais des activit\u00e9s et des moyens financiers mentionn\u00e9s aux [&hellip;]<\/p>\n","protected":false},"author":1,"featured_media":0,"parent":0,"menu_order":0,"comment_status":"closed","ping_status":"closed","template":"","meta":{"_acf_changed":false,"_seopress_robots_primary_cat":"","_seopress_titles_title":"","_seopress_titles_desc":"","_seopress_robots_index":"","footnotes":""},"class_list":["post-2218","page","type-page","status-publish","hentry"],"blocksy_meta":{"styles_descriptor":{"styles":{"desktop":"","tablet":"","mobile":""},"google_fonts":[],"version":6}},"acf":[],"_links":{"self":[{"href":"https:\/\/climatefund.nf-int.org\/fr\/wp-json\/wp\/v2\/pages\/2218","targetHints":{"allow":["GET"]}}],"collection":[{"href":"https:\/\/climatefund.nf-int.org\/fr\/wp-json\/wp\/v2\/pages"}],"about":[{"href":"https:\/\/climatefund.nf-int.org\/fr\/wp-json\/wp\/v2\/types\/page"}],"author":[{"embeddable":true,"href":"https:\/\/climatefund.nf-int.org\/fr\/wp-json\/wp\/v2\/users\/1"}],"replies":[{"embeddable":true,"href":"https:\/\/climatefund.nf-int.org\/fr\/wp-json\/wp\/v2\/comments?post=2218"}],"version-history":[{"count":6,"href":"https:\/\/climatefund.nf-int.org\/fr\/wp-json\/wp\/v2\/pages\/2218\/revisions"}],"predecessor-version":[{"id":4197,"href":"https:\/\/climatefund.nf-int.org\/fr\/wp-json\/wp\/v2\/pages\/2218\/revisions\/4197"}],"wp:attachment":[{"href":"https:\/\/climatefund.nf-int.org\/fr\/wp-json\/wp\/v2\/media?parent=2218"}],"curies":[{"name":"wp","href":"https:\/\/api.w.org\/{rel}","templated":true}]}}