{"id":2224,"date":"2022-05-27T09:23:25","date_gmt":"2022-05-27T07:23:25","guid":{"rendered":"https:\/\/climatefund.nf-int.org\/wp\/datenschutz\/"},"modified":"2022-10-05T12:19:12","modified_gmt":"2022-10-05T10:19:12","slug":"protection-des-donnees","status":"publish","type":"page","link":"https:\/\/climatefund.nf-int.org\/fr\/protection-des-donnees\/","title":{"rendered":"Protection des donn\u00e9es"},"content":{"rendered":"<div class=\"wpb-content-wrapper\"><p>[vc_row][vc_column][vc_column_text]<strong>G\u00e9n\u00e9ralit\u00e9s \u00a0<\/strong><br \/>\nVos donn\u00e9es personnelles directes et indirectes (par exemple nom, adresse e-mail, adresse IP etc.) ne seront trait\u00e9es par nous que conform\u00e9ment aux clauses du R\u00e8glement g\u00e9n\u00e9ral sur la protection des don-n\u00e9es (\u00ab RGPD \u00bb) de l\u2019Union europ\u00e9enne.<br \/>\nLes r\u00e8glements ci-apr\u00e8s vous informent donc sur la mani\u00e8re, l\u2019ampleur et le but de la collecte de don-n\u00e9es personnelles, ainsi que sur l\u2019utilisation et le traitement de celles-ci par :<\/p>\n<p>Internationale des Amis de la Nature<br \/>\nA-1150 Vienne, Viktoriagasse 6\/1<br \/>\n<a href=\"mailto:office@nf-int.org\">office@nf-int.org<\/a><br \/>\nT. : +43-1-8923877<br \/>\nRegistre des associations No. 672461383<\/p>\n<p>La pr\u00e9sente d\u00e9claration de confidentialit\u00e9 ne concerne que le site web <a href=\"https:\/\/www.nf-int.org\/fr\/www.nf-int.org\" target=\"_blank\" rel=\"noopener\">www.nf-int.org<\/a>. Au cas o\u00f9 des liens sur nos pages vous renvoient vers d\u2019autres pages externes, veuillez vous y informer sur l\u2019utilisation de vos donn\u00e9es.<\/p>\n<p><strong>Informations sur des cookies \u00a0 \u00a0<\/strong><br \/>\nPour optimiser notre pr\u00e9sentation sur Internet nous utilisons des cookies. Il s\u2019agit de petits fichiers texte stock\u00e9s dans la m\u00e9moire vive de votre ordinateur. Ces cookies sont effac\u00e9s \u00e0 la fermeture du naviga-teur. D\u2019autres cookies restent sur votre ordinateur (cookies long-terme) et le reconnaissent lors de la visite cons\u00e9cutive. Ceci nous permet de vous proposer un meilleur acc\u00e8s \u00e0 notre site.<br \/>\nVous pouvez emp\u00eacher l\u2019enregistrement de cookies en choisissant sur votre navigateur la fonction \u00ab bloquer cookies \u00bb.<\/p>\n<p><strong>Utilisation de composantes YouTube avec mode de protection \u00e9tendu des donn\u00e9es<\/strong><br \/>\nNous utilisons sur notre site web des composantes (vid\u00e9os) de l\u2019entreprise YouTube, LLC 901 Cherry Ave., 94066 San Bruno, CA, USA, une entreprise de Google Inc., Amphitheatre Parkway, Mountain View, CA 94043, USA.<\/p>\n<p>Si vous acc\u00e9dez \u00e0 une page disposant d\u2019une vid\u00e9o incorpor\u00e9e, une connexion est \u00e9tablie avec les serveurs de YouTube et le contenu est ainsi pr\u00e9sent\u00e9 sur votre site via une information \u00e0 votre navigateur.<\/p>\n<p>D\u2019apr\u00e8s les informations de YouTube des donn\u00e9es ne sont envoy\u00e9es au server de YouTube en \u00ab mode de protection \u00e9tendu des donn\u00e9es \u00bb, notamment en ce qui concerne nos sites internet que vous avez visit\u00e9s, que si vous regardez effectivement la vid\u00e9o. Si vous \u00eates en m\u00eame temps connect\u00e9 \u00e0 YouTube, ces informations sont associ\u00e9es \u00e0 votre compte YouTube. Vous pouvez l\u2019emp\u00eacher en vous d\u00e9connectant de votre compte avant de visiter notre site.<\/p>\n<p>Des informations suppl\u00e9mentaires sur la confidentialit\u00e9 chez YouTube sont mises \u00e0 disposition par Google sous le lien suivant : <a href=\"https:\/\/privacy.google.com\/intl\/fr\/your-data.html\u00a0\" target=\"_blank\" rel=\"noopener\">https:\/\/privacy.google.com\/intl\/fr\/your-data.html\u00a0<\/a><\/p>\n<p><strong>Analyse web avec Matomo<\/strong><\/p>\n<p>Nous utilisons Matomo (anciennement Piwik) pour l&rsquo;analyse web, un service de InnoCraft Ltd, 150 Willis St, 6011 Wellington, New Zealand, NZBN 6106769, (\u00ab\u00a0Matomo\u00a0\u00bb) au moyen de la technologie des cookies. La protection de vos donn\u00e9es est importante pour nous, c&rsquo;est pourquoi nous avons en outre configur\u00e9 Matomo de mani\u00e8re \u00e0 ce que votre adresse IP soit exclusivement saisie sous forme abr\u00e9g\u00e9e. Nous traitons donc vos donn\u00e9es d&rsquo;utilisation personnelles de mani\u00e8re anonyme. Il ne nous est pas possible d&rsquo;en d\u00e9duire votre identit\u00e9. Vous trouverez de plus amples informations sur les conditions d&rsquo;utilisation de Matomo et les dispositions relatives \u00e0 la protection des donn\u00e9es \u00e0 l&rsquo;adresse suivante : <a href=\"https:\/\/matomo.org\/privacy\/\" target=\"_blank\" rel=\"noopener\">https:\/\/matomo.org\/privacy\/<\/a><\/p>\n<p><span data-contrast=\"none\">Vous avez la possibilit\u00e9 d&#8217;emp\u00eacher que les actions que vous effectuez ici soient analys\u00e9es et connect\u00e9es. Cela prot\u00e9gera votre vie priv\u00e9e, mais emp\u00eachera \u00e9galement le propri\u00e9taire d&rsquo;apprendre de vos actions et d&rsquo;am\u00e9liorer la convivialit\u00e9 pour vous et les autres utilisateurs.<\/span><span data-ccp-props=\"{&quot;201341983&quot;:0,&quot;335559739&quot;:160,&quot;335559740&quot;:259}\">\u00a0<\/span>[\/vc_column_text][vc_raw_js]JTNDaWZyYW1lJTBBJTIwJTIwJTIwJTIwJTIwJTIwJTIwJTIwc3R5bGUlM0QlMjJib3JkZXIlM0ElMjAwJTNCJTIwaGVpZ2h0JTNBJTIwMjAwcHglM0IlMjB3aWR0aCUzQSUyMDYwMHB4JTNCJTIyJTBBJTIwJTIwJTIwJTIwJTIwJTIwJTIwJTIwc3JjJTNEJTIyaHR0cHMlM0ElMkYlMkZuZmludC5tYXRvbW8uY2xvdWQlMkZpbmRleC5waHAlM0Ztb2R1bGUlM0RDb3JlQWRtaW5Ib21lJTI2YWN0aW9uJTNEb3B0T3V0JTI2bGFuZ3VhZ2UlM0RmciUyNmJhY2tncm91bmRDb2xvciUzRCUyNmZvbnRDb2xvciUzRDFhMWExYSUyNmZvbnRTaXplJTNEJTI2Zm9udEZhbWlseSUzRFJvYm90byUyMiUwQSUyMCUyMCUyMCUyMCUyMCUyMCUyMCUyMCUzRSUzQyUyRmlmcmFtZSUzRSUwQQ==[\/vc_raw_js][\/vc_column][\/vc_row][vc_row][vc_column][vc_column_text]<strong>Formulaire de don de Fundraisingbox\u00a0\u00a0<\/strong><\/p>\n<p><span data-contrast=\"none\">Sur notre site web, nous utilisons les formulaires de don de Fundraisingbox. L&rsquo;exploitant technique des formulaires de dons correspondants est la soci\u00e9t\u00e9 Wikando GmbH, Schie\u00dfgrabenstr. 32, 86150 Augsbourg, Allemagne. Lorsqu&rsquo;une page contenant le formulaire de don de Fundraisingbox est visit\u00e9e, une connexion est \u00e9tablie avec les serveurs de Wikando GmbH. Wikando GmbH est alors inform\u00e9e des pages visit\u00e9es.<\/span><span data-ccp-props=\"{&quot;201341983&quot;:0,&quot;335559739&quot;:160,&quot;335559740&quot;:259}\">\u00a0<\/span><\/p>\n<p><span data-contrast=\"none\">Si le formulaire de don est utilis\u00e9 et que des donn\u00e9es personnelles telles que le nom et les coordonn\u00e9es bancaires sont transmises, les donn\u00e9es suivantes sont utilis\u00e9es et enregistr\u00e9es exclusivement dans le but de collecter les dons et pour d&rsquo;autres demandes de dons : pr\u00e9nom, nom, adresse e-mail, et selon le mode de paiement, titulaire du compte, coordonn\u00e9es bancaires. Vos donn\u00e9es en rapport avec les dons sont enregistr\u00e9es avec les indications sur le montant du don, la p\u00e9riodicit\u00e9 des dons et le but\/projet du don.<\/span><span data-ccp-props=\"{&quot;201341983&quot;:0,&quot;335559739&quot;:160,&quot;335559740&quot;:259}\">\u00a0<\/span><\/p>\n<p><span data-contrast=\"none\">Si vous souhaitez recevoir des informations suppl\u00e9mentaires sur notre travail, votre nom et votre adresse e-mail seront trait\u00e9s jusqu\u2019\u00e0 nouvel ordre avec notre outil Newsletter (vous trouvez des informations sur le traitement de ces donn\u00e9es sous le point &#8230;).<\/span><span data-ccp-props=\"{&quot;201341983&quot;:0,&quot;335559739&quot;:160,&quot;335559740&quot;:259}\">\u00a0<\/span><\/p>\n<p><span data-contrast=\"none\">Lorsqu&rsquo;une op\u00e9ration de don est lanc\u00e9e, le fournisseur utilise des cookies collectant des informations sur le comportement de l&rsquo;utilisateur. Les personnes ayant d\u00e9sactiv\u00e9 l&rsquo;enregistrement de cookies pour le DoubleClick n\u2019auront pas \u00e0 s&rsquo;attendre \u00e0 recevoir de tels cookies lors de l\u2019op\u00e9ration de don avec le formulaire Fundraisingbox. La soci\u00e9t\u00e9 Wikando GmbH stocke<\/span><span data-contrast=\"none\"> \u00e9galement des informations d&rsquo;utilisation non personnelles dans d&rsquo;autres cookies. Si <\/span><span data-contrast=\"none\">vous souhaitez emp\u00eacher cela, vous avez \u00e0 bloquer l&rsquo;enregistrement des cookies dans le navigateur.<\/span><span data-ccp-props=\"{&quot;201341983&quot;:0,&quot;335559739&quot;:160,&quot;335559740&quot;:259}\">\u00a0<\/span><\/p>\n<p><span data-contrast=\"none\">Pour plus d&rsquo;informations sur la protection des donn\u00e9es de \u00ab\u202fFundraisingbox\u202f\u00bb et de Wikando GmbH, veuillez consulter la d\u00e9claration de protection des donn\u00e9es du fournisseur \u00e0 l&rsquo;adresse suivante : https:\/\/www.fundraisingbox.com\/datenschutz\/<\/span><\/p>\n<p><strong>Newsletter\u00a0<\/strong><br \/>\nApr\u00e8s votre inscription \u00e0 notre Newsletter nous utilisons votre adresse e-mail pour notre propre publicit\u00e9, jusqu\u2019\u00e0 votre d\u00e9sabonnement. Le d\u00e9sabonnement est possible \u00e0 tout moment.<\/p>\n<p><em>Vous pouvez \u00e0 tout moment r\u00e9voquer votre consentement avec effet pour l\u2019avenir. Si vous ne souhaitez plus recevoir la Newsletter, vous pouvez vous d\u00e9sabonner comme suit :<\/em><\/p>\n<p><em>NFI Newsletter (<\/em><a href=\"https:\/\/nf-int.us2.list-manage.com\/unsubscribe?u=e7058dace49674cef9779e7bf&amp;id=9523984a99\" target=\"_blank\" rel=\"noopener\">https:\/\/nf-int.us2.list-manage.com\/unsubscribe?u=e7058dace49674cef9779e7bf&amp;id=9523984a99<\/a><em> )<\/em><\/p>\n<p><em>Infomail (<a href=\"https:\/\/nf-int.us2.list-manage.com\/unsubscribe?u=e7058dace49674cef9779e7bf&amp;id=acafb53238\" target=\"_blank\" rel=\"noopener\">https:\/\/nf-int.us2.list-manage.com\/unsubscribe?u=e7058dace49674cef9779e7bf&amp;id=acafb53238<\/a> )<\/em><\/p>\n<p>Pour la diffusion \u00a0de notre Newsletter nous utilisons la composante MailChimp. MailChimp est un service de l\u2018entreprise The Rocket Science Group, LLC, 512 Means Street, Suite 404, Atlanta, GA 30318, USA.<\/p>\n<p>Les donn\u00e9es conserv\u00e9es au moment de votre inscription \u00e0 la Newsletter (adresse e-mail, \u00e9ventuellement nom, adresse IP, date et heure de votre inscription) sont transf\u00e9r\u00e9es \u00e0 un serveur de l\u2019entreprise The Rocket Science Group aux \u00c9tats-Unis et conserv\u00e9s dans le respect du \u00ab EU-US Privacy Shield \/ Bouclier de protection des donn\u00e9es UE-\u00c9tats Unis \u00bb.<\/p>\n<p>Plus d\u2019informations sur la protection des donn\u00e9es par MailChimp: <a href=\"http:\/\/mailchimp.com\/legal\/privacy\/\" target=\"_blank\" rel=\"noopener\">http:\/\/mailchimp.com\/legal\/privacy\/<\/a>Plus d\u2019information sur le \u00ab EU-US Privacy Shield \u00bb : <a href=\"https:\/\/ec.europa.eu\/info\/law\/law-topic\/data-protection_fr\" target=\"_blank\" rel=\"noopener\">https:\/\/ec.europa.eu\/info\/law\/law-topic\/data-protection_fr<\/a><\/p>\n<p><strong>Renseignement<\/strong><br \/>\nD\u2019apr\u00e8s la loi sur la protection des donn\u00e9es vous avez le droit de demander gratuitemen des informa-tions sur vos donn\u00e9es conserv\u00e9es et, le cas \u00e9ch\u00e9ant, le droit de rectification, blocage ou effacement des donn\u00e9es en question. Vous pouvez poser des questions, par exemple en utilisant l\u2019adresse e-mail sui-vante : <a href=\"mailto:office@nf-int.org\">office@nf-int.org<\/a>[\/vc_column_text][vc_separator border_width=\u00a0\u00bb2&Prime;][vc_column_text]Source: <a href=\"http:\/\/www.ms-concept.de\/\">http:\/\/www.ms-concept.de\/<\/a>\u00a0 et <a href=\"https:\/\/www.ratgeberrecht.eu\">https:\/\/www.ratgeberrecht.eu<\/a>[\/vc_column_text][\/vc_column][\/vc_row]<\/p>\n<\/div>","protected":false},"excerpt":{"rendered":"<p>[vc_row][vc_column][vc_column_text]G\u00e9n\u00e9ralit\u00e9s \u00a0 Vos donn\u00e9es personnelles directes et indirectes (par exemple nom, adresse e-mail, adresse IP etc.) ne seront trait\u00e9es par nous que conform\u00e9ment aux clauses du R\u00e8glement g\u00e9n\u00e9ral sur la protection des don-n\u00e9es (\u00ab RGPD \u00bb) de l\u2019Union europ\u00e9enne. Les r\u00e8glements ci-apr\u00e8s vous informent donc sur la mani\u00e8re, l\u2019ampleur et le but de la collecte [&hellip;]<\/p>\n","protected":false},"author":1,"featured_media":0,"parent":0,"menu_order":0,"comment_status":"closed","ping_status":"closed","template":"","meta":{"_acf_changed":false,"_seopress_robots_primary_cat":"","_seopress_titles_title":"","_seopress_titles_desc":"","_seopress_robots_index":"","footnotes":""},"class_list":["post-2224","page","type-page","status-publish","hentry"],"blocksy_meta":{"styles_descriptor":{"styles":{"desktop":"","tablet":"","mobile":""},"google_fonts":[],"version":6}},"acf":[],"_links":{"self":[{"href":"https:\/\/climatefund.nf-int.org\/fr\/wp-json\/wp\/v2\/pages\/2224","targetHints":{"allow":["GET"]}}],"collection":[{"href":"https:\/\/climatefund.nf-int.org\/fr\/wp-json\/wp\/v2\/pages"}],"about":[{"href":"https:\/\/climatefund.nf-int.org\/fr\/wp-json\/wp\/v2\/types\/page"}],"author":[{"embeddable":true,"href":"https:\/\/climatefund.nf-int.org\/fr\/wp-json\/wp\/v2\/users\/1"}],"replies":[{"embeddable":true,"href":"https:\/\/climatefund.nf-int.org\/fr\/wp-json\/wp\/v2\/comments?post=2224"}],"version-history":[{"count":11,"href":"https:\/\/climatefund.nf-int.org\/fr\/wp-json\/wp\/v2\/pages\/2224\/revisions"}],"predecessor-version":[{"id":2743,"href":"https:\/\/climatefund.nf-int.org\/fr\/wp-json\/wp\/v2\/pages\/2224\/revisions\/2743"}],"wp:attachment":[{"href":"https:\/\/climatefund.nf-int.org\/fr\/wp-json\/wp\/v2\/media?parent=2224"}],"curies":[{"name":"wp","href":"https:\/\/api.w.org\/{rel}","templated":true}]}}