{"id":2488,"date":"2022-05-19T10:44:03","date_gmt":"2022-05-19T08:44:03","guid":{"rendered":"https:\/\/climatefund.nf-int.org\/wp\/spendenformular\/"},"modified":"2025-10-21T15:12:24","modified_gmt":"2025-10-21T13:12:24","slug":"un-don","status":"publish","type":"page","link":"https:\/\/climatefund.nf-int.org\/fr\/un-don\/","title":{"rendered":"un don"},"content":{"rendered":"<div class=\"wpb-content-wrapper\"><p>[vc_row content_placement=\u00a0\u00bbbottom\u00a0\u00bb][vc_column width=\u00a0\u00bb2\/3&Prime;][vc_column_text]<\/p>\n<h3><strong>Faites un don<br \/>\n<\/strong><\/h3>\n<p><strong>Coordonn\u00e9es bancaires :<\/strong><\/p>\n<p>Naturfreunde Internationale<br \/>\nIBAN: AT 88 14000 05610 665 499<br \/>\nBIC: BAWAATWW<br \/>\nMotif du virement : Fonds pour le climat[\/vc_column_text][vc_raw_html css=\u00a0\u00bb\u00a0\u00bb]JTNDc3Ryb25nJTNFRmFpcmUlMjB1biUyMGRvbiUyMGRpcmVjdCUyMGF2ZWMlMjBQYXlQYWwlM0MlMkZzdHJvbmclM0UlMjAlMEElM0Nmb3JtJTIwYWN0aW9uJTNEJTIyaHR0cHMlM0ElMkYlMkZ3d3cucGF5cGFsLmNvbSUyRmRvbmF0ZSUyMiUyMG1ldGhvZCUzRCUyMnBvc3QlMjIlMjB0YXJnZXQlM0QlMjJfdG9wJTIyJTNFJTBBJTNDaW5wdXQlMjB0eXBlJTNEJTIyaGlkZGVuJTIyJTIwbmFtZSUzRCUyMmhvc3RlZF9idXR0b25faWQlMjIlMjB2YWx1ZSUzRCUyMjZMQ1FXWEVCTEQ2SkolMjIlMjAlMkYlM0UlMEElM0NpbnB1dCUyMHR5cGUlM0QlMjJpbWFnZSUyMiUyMHNyYyUzRCUyMmh0dHBzJTNBJTJGJTJGcGljcy5wYXlwYWwuY29tJTJGMDAlMkZzJTJGWTJFMU9ERTBNelF0TVRZd05DMDBOV1ExTFdJMVlqTXRObUppTkdaak5qSTRObVJtJTJGZmlsZS5QTkclMjIlMjBib3JkZXIlM0QlMjIwJTIyJTIwbmFtZSUzRCUyMnN1Ym1pdCUyMiUyMHRpdGxlJTNEJTIyUGF5UGFsJTIwLSUyMFRoZSUyMHNhZmVyJTJDJTIwZWFzaWVyJTIwd2F5JTIwdG8lMjBwYXklMjBvbmxpbmUlMjElMjIlMjBhbHQlM0QlMjJEb25hdGUlMjB3aXRoJTIwUGF5UGFsJTIwYnV0dG9uJTIyJTIwJTJGJTNFJTBBJTNDaW1nJTIwYWx0JTNEJTIyJTIyJTIwYm9yZGVyJTNEJTIyMCUyMiUyMHNyYyUzRCUyMmh0dHBzJTNBJTJGJTJGd3d3LnBheXBhbC5jb20lMkZlbl9BVCUyRmklMkZzY3IlMkZwaXhlbC5naWYlMjIlMjB3aWR0aCUzRCUyMjElMjIlMjBoZWlnaHQlM0QlMjIxJTIyJTIwJTJGJTNFJTBBJTNDJTJGZm9ybSUzRSUwQQ==[\/vc_raw_html][\/vc_column][vc_column width=\u00a0\u00bb1\/3&Prime;][\/vc_column][\/vc_row][vc_row][vc_column width=\u00a0\u00bb2\/3&Prime; css=\u00a0\u00bb.vc_custom_1654863709125{margin-bottom: 30px !important;}\u00a0\u00bb][vc_raw_js]JTNDc2NyaXB0JTIwdHlwZSUzRCUyMnRleHQlMkZqYXZhc2NyaXB0JTIyJTIwc3JjJTNEJTIyaHR0cHMlM0ElMkYlMkZzZWN1cmUuZnVuZHJhaXNpbmdib3guY29tJTJGYXBwJTJGcGF5bWVudEpTJTNGaGFzaCUzRGkydXlkamt6eWw3YmdobDQlMjIlM0UlM0MlMkZzY3JpcHQlM0UlM0Nub3NjcmlwdCUzRVZldWlsbGV6JTIwYWN0aXZlciUyMGxlJTIwSmF2YVNjcmlwdCUzQyUyRm5vc2NyaXB0JTNFJTNDYSUyMHRhcmdldCUzRCUyMl9ibGFuayUyMiUyMGhyZWYlM0QlMjJodHRwcyUzQSUyRiUyRnd3dy5mdW5kcmFpc2luZ2JveC5jb20lMjIlM0UlM0NpbWclMjBib3JkZXIlM0QlMjIwJTIyJTIwc3R5bGUlM0QlMjJib3JkZXIlM0ElMjAwJTIwJTIxaW1wb3J0YW50JTIyJTIwc3JjJTNEJTIyaHR0cHMlM0ElMkYlMkZzZWN1cmUuZnVuZHJhaXNpbmdib3guY29tJTJGaW1hZ2VzJTJGRnVuZHJhaXNpbmdCb3gtTG9nby1XaWRnZXQucG5nJTIyJTIwYWx0JTNEJTIyRnVuZHJhaXNpbmdCb3glMjBMb2dvJTIyJTIwJTJGJTNFJTNDJTJGYSUzRQ==[\/vc_raw_js][\/vc_column][vc_column width=\u00a0\u00bb1\/3&Prime;][vc_single_image image=\u00a0\u00bb884&Prime; img_size=\u00a0\u00bbfull\u00a0\u00bb][vc_column_text]<\/p>\n<h4>Orientation sur le montant de la contribution pour la compensation des voyages en avion :<\/h4>\n<p><span class=\"description\"><strong>Courte distance* (2.800 km)<\/strong> | Vienne \u2013 Londres, Berlin \u2013 Paris, Bruxelles \u2013 Rome \u2013 Rom| <span style=\"color: #38b655;\"><strong>20 euros<\/strong><\/span><br \/>\n<\/span><\/p>\n<p><span class=\"description\"><strong>Moyen courrier (9.500 km) |<\/strong> Europe \u2013S\u00e9n\u00e9gal\/Togo, Europe \u2013 \u00celes Canaries |<span style=\"color: #38b655;\"><strong> 68 euros<\/strong><\/span><br \/>\n<\/span><\/p>\n<p><strong>Transcontinental 1\u00a0 (14.500 km)<\/strong> | Europe \u2013 Afrique du Sud, Europe \u2013 New York City | <span style=\"color: #38b655;\"><strong>105 euros<\/strong><\/span><\/p>\n<p><strong>Transcontinental 2\u00a0 (34.000 km)<\/strong> | Europe \u2013 Am\u00e9rique du Sud, Europe \u2013 Australie | <span style=\"color: #38b655;\"><strong>245 euros<\/strong><\/span>[\/vc_column_text][vc_separator border_width=\u00a0\u00bb2&Prime;][vc_column_text]* pour des distances inf\u00e9rieures \u00e0 1.000 km (aller simple) il est recommand\u00e9 si possible de ne pas utiliser l\u2019avion.[\/vc_column_text][\/vc_column][\/vc_row]<\/p>\n<\/div>","protected":false},"excerpt":{"rendered":"<p>[vc_row content_placement=\u00a0\u00bbbottom\u00a0\u00bb][vc_column width=\u00a0\u00bb2\/3&Prime;][vc_column_text] Faites un don Coordonn\u00e9es bancaires : Naturfreunde Internationale IBAN: AT 88 14000 05610 665 499 BIC: BAWAATWW Motif du virement : Fonds pour le climat[\/vc_column_text][vc_raw_html css=\u00a0\u00bb\u00a0\u00bb]JTNDc3Ryb25nJTNFRmFpcmUlMjB1biUyMGRvbiUyMGRpcmVjdCUyMGF2ZWMlMjBQYXlQYWwlM0MlMkZzdHJvbmclM0UlMjAlMEElM0Nmb3JtJTIwYWN0aW9uJTNEJTIyaHR0cHMlM0ElMkYlMkZ3d3cucGF5cGFsLmNvbSUyRmRvbmF0ZSUyMiUyMG1ldGhvZCUzRCUyMnBvc3QlMjIlMjB0YXJnZXQlM0QlMjJfdG9wJTIyJTNFJTBBJTNDaW5wdXQlMjB0eXBlJTNEJTIyaGlkZGVuJTIyJTIwbmFtZSUzRCUyMmhvc3RlZF9idXR0b25faWQlMjIlMjB2YWx1ZSUzRCUyMjZMQ1FXWEVCTEQ2SkolMjIlMjAlMkYlM0UlMEElM0NpbnB1dCUyMHR5cGUlM0QlMjJpbWFnZSUyMiUyMHNyYyUzRCUyMmh0dHBzJTNBJTJGJTJGcGljcy5wYXlwYWwuY29tJTJGMDAlMkZzJTJGWTJFMU9ERTBNelF0TVRZd05DMDBOV1ExTFdJMVlqTXRObUppTkdaak5qSTRObVJtJTJGZmlsZS5QTkclMjIlMjBib3JkZXIlM0QlMjIwJTIyJTIwbmFtZSUzRCUyMnN1Ym1pdCUyMiUyMHRpdGxlJTNEJTIyUGF5UGFsJTIwLSUyMFRoZSUyMHNhZmVyJTJDJTIwZWFzaWVyJTIwd2F5JTIwdG8lMjBwYXklMjBvbmxpbmUlMjElMjIlMjBhbHQlM0QlMjJEb25hdGUlMjB3aXRoJTIwUGF5UGFsJTIwYnV0dG9uJTIyJTIwJTJGJTNFJTBBJTNDaW1nJTIwYWx0JTNEJTIyJTIyJTIwYm9yZGVyJTNEJTIyMCUyMiUyMHNyYyUzRCUyMmh0dHBzJTNBJTJGJTJGd3d3LnBheXBhbC5jb20lMkZlbl9BVCUyRmklMkZzY3IlMkZwaXhlbC5naWYlMjIlMjB3aWR0aCUzRCUyMjElMjIlMjBoZWlnaHQlM0QlMjIxJTIyJTIwJTJGJTNFJTBBJTNDJTJGZm9ybSUzRSUwQQ==[\/vc_raw_html][\/vc_column][vc_column width=\u00a0\u00bb1\/3&Prime;][\/vc_column][\/vc_row][vc_row][vc_column width=\u00a0\u00bb2\/3&Prime; css=\u00a0\u00bb.vc_custom_1654863709125{margin-bottom: 30px !important;}\u00a0\u00bb][vc_raw_js]JTNDc2NyaXB0JTIwdHlwZSUzRCUyMnRleHQlMkZqYXZhc2NyaXB0JTIyJTIwc3JjJTNEJTIyaHR0cHMlM0ElMkYlMkZzZWN1cmUuZnVuZHJhaXNpbmdib3guY29tJTJGYXBwJTJGcGF5bWVudEpTJTNGaGFzaCUzRGkydXlkamt6eWw3YmdobDQlMjIlM0UlM0MlMkZzY3JpcHQlM0UlM0Nub3NjcmlwdCUzRVZldWlsbGV6JTIwYWN0aXZlciUyMGxlJTIwSmF2YVNjcmlwdCUzQyUyRm5vc2NyaXB0JTNFJTNDYSUyMHRhcmdldCUzRCUyMl9ibGFuayUyMiUyMGhyZWYlM0QlMjJodHRwcyUzQSUyRiUyRnd3dy5mdW5kcmFpc2luZ2JveC5jb20lMjIlM0UlM0NpbWclMjBib3JkZXIlM0QlMjIwJTIyJTIwc3R5bGUlM0QlMjJib3JkZXIlM0ElMjAwJTIwJTIxaW1wb3J0YW50JTIyJTIwc3JjJTNEJTIyaHR0cHMlM0ElMkYlMkZzZWN1cmUuZnVuZHJhaXNpbmdib3guY29tJTJGaW1hZ2VzJTJGRnVuZHJhaXNpbmdCb3gtTG9nby1XaWRnZXQucG5nJTIyJTIwYWx0JTNEJTIyRnVuZHJhaXNpbmdCb3glMjBMb2dvJTIyJTIwJTJGJTNFJTNDJTJGYSUzRQ==[\/vc_raw_js][\/vc_column][vc_column width=\u00a0\u00bb1\/3&Prime;][vc_single_image image=\u00a0\u00bb884&Prime; img_size=\u00a0\u00bbfull\u00a0\u00bb][vc_column_text] Orientation sur le montant de la contribution pour la compensation des voyages en avion : Courte distance* (2.800 [&hellip;]<\/p>\n","protected":false},"author":1,"featured_media":0,"parent":0,"menu_order":0,"comment_status":"closed","ping_status":"closed","template":"","meta":{"_acf_changed":false,"_seopress_robots_primary_cat":"","_seopress_titles_title":"","_seopress_titles_desc":"","_seopress_robots_index":"","footnotes":""},"class_list":["post-2488","page","type-page","status-publish","hentry"],"blocksy_meta":{"styles_descriptor":{"styles":{"desktop":"","tablet":"","mobile":""},"google_fonts":[],"version":6},"page_title_panel":"","has_hero_section":"disabled","156dae409330d4bea9cea42baa86f57c":"","hero_section":"type-1","hero_elements":[{"id":"custom_title","enabled":true,"heading_tag":"h1","title":"Startseite","__id":"YNMv-DX11TeQIr-I8WoVW"},{"id":"custom_description","enabled":true,"description_visibility":{"desktop":true,"tablet":true,"mobile":false},"__id":"d_byAeimw3Ws2ICMRkQmn"},{"id":"custom_meta","enabled":false,"meta_elements":[{"id":"author","enabled":true,"label":"Von","has_author_avatar":"yes","avatar_size":25},{"id":"post_date","enabled":true,"label":"Am","date_format_source":"default","date_format":"M j, Y"},{"id":"updated_date","enabled":false,"label":"Am","date_format_source":"default","date_format":"M j, Y"},{"id":"categories","enabled":false,"label":"In","style":"simple"},{"id":"comments","enabled":true}],"page_meta_elements":{"joined":true,"articles_count":true,"comments":true},"__id":"oGA_g5i-QomZUt3sJsw2s"},{"id":"breadcrumbs","enabled":false,"__id":"-gbXTu6UC35TIacrXAwzo"}],"eb73793f75ecc4ca9a0640feba1dded1":"","hero_alignment1":"CT_CSS_SKIP_RULE","hero_margin":40,"hero_alignment2":"center","hero_vertical_alignment":"center","05c6d47f28f563c554e1e414ce9d02b4":"","hero_structure":"narrow","37a202accb73a022534f72ce19b75b80":"","page_title_bg_type":"featured_image","custom_hero_background":{"attachment_id":null},"page_title_image_size":"full","parallax":{"desktop":false,"tablet":false,"mobile":false},"9f9117a822cb9c1d688cac751d58fcdb":"","hero_height":"250px","pageTitleFont":{"family":"Default","variation":"Default","size":"30px","line-height":"CT_CSS_SKIP_RULE","letter-spacing":"CT_CSS_SKIP_RULE","text-transform":"CT_CSS_SKIP_RULE","text-decoration":"CT_CSS_SKIP_RULE"},"pageTitleFontColor":{"default":{"color":"CT_CSS_SKIP_RULEDEFAULT"}},"pageMetaFont":{"family":"Default","variation":"n6","size":"12px","line-height":"1.3","letter-spacing":"CT_CSS_SKIP_RULE","text-transform":"uppercase","text-decoration":"CT_CSS_SKIP_RULE"},"pageMetaFontColor":{"default":{"color":"CT_CSS_SKIP_RULEDEFAULT"},"hover":{"color":"CT_CSS_SKIP_RULEDEFAULT"}},"page_meta_button_type_font_colors":{"default":{"color":"CT_CSS_SKIP_RULEDEFAULT"},"hover":{"color":"CT_CSS_SKIP_RULEDEFAULT"}},"page_meta_button_type_background_colors":{"default":{"color":"CT_CSS_SKIP_RULEDEFAULT"},"hover":{"color":"CT_CSS_SKIP_RULEDEFAULT"}},"pageExcerptFont":{"family":"Default","variation":"Default","size":"CT_CSS_SKIP_RULE","line-height":"CT_CSS_SKIP_RULE","letter-spacing":"CT_CSS_SKIP_RULE","text-transform":"CT_CSS_SKIP_RULE","text-decoration":"CT_CSS_SKIP_RULE"},"pageExcerptColor":{"default":{"color":"CT_CSS_SKIP_RULEDEFAULT"}},"breadcrumbsFont":{"family":"Default","variation":"Default","size":"CT_CSS_SKIP_RULE","line-height":"CT_CSS_SKIP_RULE","letter-spacing":"CT_CSS_SKIP_RULE","text-transform":"CT_CSS_SKIP_RULE","text-decoration":"CT_CSS_SKIP_RULE"},"breadcrumbsFontColor":{"default":{"color":"CT_CSS_SKIP_RULEDEFAULT"},"initial":{"color":"CT_CSS_SKIP_RULEDEFAULT"},"hover":{"color":"CT_CSS_SKIP_RULEDEFAULT"}},"pageTitleOverlay":{"background_type":"color","background_pattern":"type-1","background_image":{"attachment_id":null,"x":0,"y":0},"gradient":"linear-gradient(135deg,rgba(6,147,227,1) 0%,rgb(155,81,224) 100%)","background_repeat":"repeat","background_size":"auto","background_attachment":"scroll","patternColor":{"default":{"color":"#e5e7ea"}},"overlayColor":{"default":{"color":"CT_CSS_SKIP_RULE"}},"backgroundColor":{"default":{"color":"CT_CSS_SKIP_RULE"}}},"pageTitleBackground":{"background_type":"color","background_pattern":"type-1","background_image":{"attachment_id":null,"x":0,"y":0},"gradient":"linear-gradient(135deg,rgba(6,147,227,1) 0%,rgb(155,81,224) 100%)","background_repeat":"repeat","background_size":"auto","background_attachment":"scroll","patternColor":{"default":{"color":"#e5e7ea"}},"overlayColor":{"default":{"color":"CT_CSS_SKIP_RULE"}},"backgroundColor":{"default":{"color":"var(--theme-palette-color-6)"}}},"pageTitlePadding":{"top":"50px","bottom":"50px","left":"auto","right":"auto","linked":true},"f44af0bfdb6ef8476a742181d7bf2992":"","page_structure_type":"default","165f9290d2765ab95f17922966a7a638":"","content_style_source":"inherit","content_style":"wide","vertical_spacing_source":"inherit","content_area_spacing":"both","background":{"background_type":"color","background_pattern":"type-1","background_image":{"attachment_id":null,"x":0,"y":0},"gradient":"linear-gradient(135deg,rgba(6,147,227,1) 0%,rgb(155,81,224) 100%)","background_repeat":"repeat","background_size":"auto","background_attachment":"scroll","patternColor":{"default":{"color":"#e5e7ea"}},"overlayColor":{"default":{"color":"CT_CSS_SKIP_RULE"}},"backgroundColor":{"default":{"color":"CT_CSS_SKIP_RULE"}}},"content_background":{"background_type":"color","background_pattern":"type-1","background_image":{"attachment_id":null,"x":0,"y":0},"gradient":"linear-gradient(135deg,rgba(6,147,227,1) 0%,rgb(155,81,224) 100%)","background_repeat":"repeat","background_size":"auto","background_attachment":"scroll","patternColor":{"default":{"color":"#e5e7ea"}},"overlayColor":{"default":{"color":"CT_CSS_SKIP_RULE"}},"backgroundColor":{"default":{"color":"var(--theme-palette-color-8)"}}},"content_boxed_shadow":{"inherit":false,"blur":18,"spread":-6,"v_offset":12,"h_offset":0,"inset":false,"enable":true,"color":{"color":"rgba(34, 56, 101, 0.04)"}},"boxed_content_spacing":{"desktop":{"top":"40px","bottom":"40px","left":"40px","right":"40px","linked":true},"tablet":{"top":"35px","bottom":"35px","left":"35px","right":"35px","linked":true},"mobile":{"top":"20px","bottom":"20px","left":"20px","right":"20px","linked":true}},"content_boxed_radius":{"top":"3px","bottom":"3px","left":"3px","right":"3px","linked":true},"df141b0aee58f50541facd56ce43dd22":"","disable_featured_image":"no","disable_share_box":"no","disable_header":"no","disable_footer":"no"},"acf":[],"_links":{"self":[{"href":"https:\/\/climatefund.nf-int.org\/fr\/wp-json\/wp\/v2\/pages\/2488","targetHints":{"allow":["GET"]}}],"collection":[{"href":"https:\/\/climatefund.nf-int.org\/fr\/wp-json\/wp\/v2\/pages"}],"about":[{"href":"https:\/\/climatefund.nf-int.org\/fr\/wp-json\/wp\/v2\/types\/page"}],"author":[{"embeddable":true,"href":"https:\/\/climatefund.nf-int.org\/fr\/wp-json\/wp\/v2\/users\/1"}],"replies":[{"embeddable":true,"href":"https:\/\/climatefund.nf-int.org\/fr\/wp-json\/wp\/v2\/comments?post=2488"}],"version-history":[{"count":10,"href":"https:\/\/climatefund.nf-int.org\/fr\/wp-json\/wp\/v2\/pages\/2488\/revisions"}],"predecessor-version":[{"id":4015,"href":"https:\/\/climatefund.nf-int.org\/fr\/wp-json\/wp\/v2\/pages\/2488\/revisions\/4015"}],"wp:attachment":[{"href":"https:\/\/climatefund.nf-int.org\/fr\/wp-json\/wp\/v2\/media?parent=2488"}],"curies":[{"name":"wp","href":"https:\/\/api.w.org\/{rel}","templated":true}]}}